{"id":38310,"date":"2021-01-18T12:52:27","date_gmt":"2021-01-18T10:52:27","guid":{"rendered":"https:\/\/multilingua.ee\/?page_id=38310"},"modified":"2026-01-08T12:31:42","modified_gmt":"2026-01-08T10:31:42","slug":"private-tutoring","status":"publish","type":"page","link":"https:\/\/multilingua.ee\/en\/language-school\/language-learning-for-children\/private-tutoring\/","title":{"rendered":"Private tutoring"},"content":{"rendered":"\n<style type=\"text\/css\" data-created_by=\"avia_inline_auto\" id=\"style-css-av-d71db-85193f7aad1270ddb5f4d0314bf95a51\">\n.avia-section.av-d71db-85193f7aad1270ddb5f4d0314bf95a51{\nbackground-repeat:no-repeat;\nbackground-image:url(https:\/\/multilingua.ee\/wp-content\/uploads\/2018\/08\/tolkeburoo_header_lapsed_moditud.jpg);\nbackground-position:50% 50%;\nbackground-attachment:scroll;\n}\n<\/style>\n<div id='av_section_1'  class='avia-section av-d71db-85193f7aad1270ddb5f4d0314bf95a51 main_color avia-section-default avia-no-border-styling  avia-builder-el-0  el_before_av_section  avia-builder-el-first  avia-full-stretch avia-bg-style-scroll container_wrap fullsize'  data-section-bg-repeat='stretch'><div class='container av-section-cont-open' ><main  role=\"main\" itemprop=\"mainContentOfPage\"  class='template-page content  av-content-full alpha units'><div class='post-entry post-entry-type-page post-entry-38310'><div class='entry-content-wrapper clearfix'>\n\n<style type=\"text\/css\" data-created_by=\"avia_inline_auto\" id=\"style-css-av-kmde4dc9-1e5c220ef9924812e0963a0b5b4afa67\">\n#top .av-special-heading.av-kmde4dc9-1e5c220ef9924812e0963a0b5b4afa67{\npadding-bottom:10px;\ncolor:#ffffff;\n}\nbody .av-special-heading.av-kmde4dc9-1e5c220ef9924812e0963a0b5b4afa67 .av-special-heading-tag .heading-char{\nfont-size:25px;\n}\n.av-special-heading.av-kmde4dc9-1e5c220ef9924812e0963a0b5b4afa67 .special-heading-inner-border{\nborder-color:#ffffff;\n}\n.av-special-heading.av-kmde4dc9-1e5c220ef9924812e0963a0b5b4afa67 .av-subheading{\nfont-size:15px;\n}\n<\/style>\n<div  class='av-special-heading av-kmde4dc9-1e5c220ef9924812e0963a0b5b4afa67 av-special-heading-h1 custom-color-heading blockquote modern-quote modern-centered  avia-builder-el-1  avia-builder-el-no-sibling '><h1 class='av-special-heading-tag'  itemprop=\"headline\"  >Private tutoring<\/h1><div class=\"special-heading-border\"><div class=\"special-heading-inner-border\"><\/div><\/div><\/div>\n\n<\/div><\/div><\/main><!-- close content main element --><\/div><\/div><div id='av_section_2'  class='avia-section av-7l3b3-80a8f82a1ee151d500ec88bd27ef4908 main_color avia-section-default avia-no-border-styling  avia-builder-el-2  el_after_av_section  el_before_av_codeblock  avia-bg-style-scroll av-minimum-height av-minimum-height-50 av-height-50  container_wrap fullsize'   data-av_minimum_height_pc='50' data-av_min_height_opt='50'><div class='container av-section-cont-open' ><div class='template-page content  av-content-full alpha units'><div class='post-entry post-entry-type-page post-entry-38310'><div class='entry-content-wrapper clearfix'>\n\n<style type=\"text\/css\" data-created_by=\"avia_inline_auto\" id=\"style-css-av-6ef06v-879d6bf93aa6e4d66f222ab4a2a28f46\">\n.flex_column.av-6ef06v-879d6bf93aa6e4d66f222ab4a2a28f46{\nborder-radius:0px 0px 0px 0px;\npadding:0px 0px 0px 0px;\n}\n<\/style>\n<div  class='flex_column av-6ef06v-879d6bf93aa6e4d66f222ab4a2a28f46 av_one_fourth  avia-builder-el-3  el_before_av_three_fourth  avia-builder-el-first  first flex_column_div av-zero-column-padding  '     ><\/div>\n<style type=\"text\/css\" data-created_by=\"avia_inline_auto\" id=\"style-css-av-2n8jaf-3a7933effa02b45ef0936a2e3dee64be\">\n.flex_column.av-2n8jaf-3a7933effa02b45ef0936a2e3dee64be{\nborder-radius:0px 0px 0px 0px;\npadding:0px 0px 0px 0px;\n}\n<\/style>\n<div  class='flex_column av-2n8jaf-3a7933effa02b45ef0936a2e3dee64be av_three_fourth  avia-builder-el-5  el_after_av_one_fourth  avia-builder-el-last  flex_column_div av-zero-column-padding  '     ><section  class='av_textblock_section av-jki5z0w4-57b25008f263b7156fb20ab36df24a64 '   itemscope=\"itemscope\" itemtype=\"https:\/\/schema.org\/CreativeWork\" ><div class='avia_textblock'  itemprop=\"text\" ><p>V\u00f5\u00f5rkeele j\u00e4releaitamistunde v\u00f5ivad vajada need \u00f5pilased, kel on kooliprogrammist mahaj\u00e4\u00e4misi. Samuti, s\u00e4\u00e4rast abi v\u00f5ib vaja minna ka p\u00f5hikoolis v\u00f5i g\u00fcmnaasiumis kooli vahetajatel, et ei saaks takistuseks teises \u00f5ppeasutuses \u00f5petatava v\u00f5\u00f5rkeele mitte piisav oskamine. Ka v\u00f5ib m\u00f5nel olla lihtsalt suur uudishimu ja soov juurde \u00f5ppida. Kui sina, v\u00f5i su laps on \u00fcks nendest, siis siinne pakkumine v\u00f5ib sulle huvitav tunduda ja kasulikuks osutuda.<\/p>\n<p><img loading=\"lazy\" decoding=\"async\" class=\"alignnone wp-image-36884 size-medium\" src=\"https:\/\/multilingua.ee\/wp-content\/uploads\/2021\/01\/general-individual-300x188.jpg\" alt=\"\" width=\"300\" height=\"188\" srcset=\"https:\/\/multilingua.ee\/wp-content\/uploads\/2021\/01\/general-individual-300x188.jpg 300w, https:\/\/multilingua.ee\/wp-content\/uploads\/2021\/01\/general-individual.jpg 400w\" sizes=\"auto, (max-width: 300px) 100vw, 300px\" \/><\/p>\n<p>Multilingua Keelekeskuse\u00a0<strong>eesti, vene, inglise, prantsuse, saksa ja hispaania<\/strong>\u00a0keele \u00f5petajad pakuvad individuaalselt nii kontakt- kui distants\u00f5ppes (Google Meet, Zoom, Teams, Skype vms) j\u00e4releaitamistunde. Kooli\u00f5pilane, lapsevanem ja \u00f5petaja selgitavad \u00fchiselt v\u00e4lja, mis p\u00f5hjusel ja millises valdkonnas on mahaj\u00e4\u00e4mine tekkinud. \u00dcheskoos pannakse paika individuaalkursuste plaan, intensiivsus ja tegevus eesm\u00e4rgistatakse. \u00d5ppijale sobival ajal hakkavad \u00f5petajaga toimuma keeletunnid.<\/p>\n<p>\u00dche akadeemilise tunni (1 akadeemiline tund = 45 minutit) maksumus individuaal\u00f5ppes \u00fchele \u00f5ppijale on 40 \u20ac (vastavalt k\u00e4ibemaksuseadusele on \u00fcldhariduskoolitusega seotud era\u00f5ppetunnid k\u00e4ibemaksust vabad). Lisaks saab eraisik maksustatavast tulust maha arvata tema poolt kalendriaasta jooksul tasutud enda ja alla 26 aasta vanuse lapse koolituskulud.<\/p>\n<p>T\u00e4ida \u00e4ra allpool asuv p\u00e4ringuvorm, kui su lapsel on vaja j\u00e4releaitamistunde m\u00f5nes v\u00f5\u00f5rkeeles.<\/p>\n<h3 class=\"team-member-name \">Maria Limmer<\/h3>\n<div class=\"team-member-job-title \">Koolitusspetsialist<\/div>\n<div class=\"team-member-description \">\n<p><a href=\"tel:+372 54510910\">(+372) <\/a><a href=\"tel:+37251922466\">51922466<\/a><\/p>\n<p><a class=\"mail-link\" data-enc-email=\"wnavxn&#091;at&#093;zhygvyvathn.rr\" data-wpel-link=\"ignore\"><span id=\"eeb-379246-877219\">maria@multilingua.ee<\/span><\/a><\/p>\n<\/div>\n<\/div><\/section><\/div><\/div><\/div><\/div><!-- close content main div --><\/div><\/div><div id='after_section_2'  class='main_color av_default_container_wrap container_wrap fullsize'  ><div class='container av-section-cont-open' ><div class='template-page content  av-content-full alpha units'><div class='post-entry post-entry-type-page post-entry-38310'><div class='entry-content-wrapper clearfix'><\/p>\n","protected":false},"excerpt":{"rendered":"","protected":false},"author":4,"featured_media":0,"parent":8907,"menu_order":90,"comment_status":"closed","ping_status":"closed","template":"","meta":{"_acf_changed":false,"_price":"","_stock":"","_tribe_ticket_header":"","_tribe_default_ticket_provider":"Tribe__Tickets_Plus__Commerce__WooCommerce__Main","_tribe_ticket_capacity":"0","_ticket_start_date":"","_ticket_end_date":"","_tribe_ticket_show_description":"","_tribe_ticket_show_not_going":false,"_tribe_ticket_use_global_stock":"","_tribe_ticket_global_stock_level":"","_global_stock_mode":"","_global_stock_cap":"","_tribe_rsvp_for_event":"","_tribe_ticket_going_count":"","_tribe_ticket_not_going_count":"","_tribe_tickets_list":"[]","_tribe_ticket_has_attendee_info_fields":false,"footnotes":"","_tec_slr_enabled":"","_tec_slr_layout":""},"class_list":["post-38310","page","type-page","status-publish","hentry"],"acf":[],"ticketed":false,"_links":{"self":[{"href":"https:\/\/multilingua.ee\/en\/wp-json\/wp\/v2\/pages\/38310","targetHints":{"allow":["GET"]}}],"collection":[{"href":"https:\/\/multilingua.ee\/en\/wp-json\/wp\/v2\/pages"}],"about":[{"href":"https:\/\/multilingua.ee\/en\/wp-json\/wp\/v2\/types\/page"}],"author":[{"embeddable":true,"href":"https:\/\/multilingua.ee\/en\/wp-json\/wp\/v2\/users\/4"}],"replies":[{"embeddable":true,"href":"https:\/\/multilingua.ee\/en\/wp-json\/wp\/v2\/comments?post=38310"}],"version-history":[{"count":11,"href":"https:\/\/multilingua.ee\/en\/wp-json\/wp\/v2\/pages\/38310\/revisions"}],"predecessor-version":[{"id":88220,"href":"https:\/\/multilingua.ee\/en\/wp-json\/wp\/v2\/pages\/38310\/revisions\/88220"}],"up":[{"embeddable":true,"href":"https:\/\/multilingua.ee\/en\/wp-json\/wp\/v2\/pages\/8907"}],"wp:attachment":[{"href":"https:\/\/multilingua.ee\/en\/wp-json\/wp\/v2\/media?parent=38310"}],"curies":[{"name":"wp","href":"https:\/\/api.w.org\/{rel}","templated":true}]}}