{"id":7134,"date":"2018-09-25T17:17:14","date_gmt":"2018-09-25T14:17:14","guid":{"rendered":"https:\/\/multilingua.ee\/translation-agency\/contacts\/"},"modified":"2025-12-09T14:37:18","modified_gmt":"2025-12-09T12:37:18","slug":"contacts","status":"publish","type":"page","link":"https:\/\/multilingua.ee\/en\/translation-agency\/contacts\/","title":{"rendered":"Contacts"},"content":{"rendered":"\n<style type=\"text\/css\" data-created_by=\"avia_inline_auto\" id=\"style-css-av-kvtn1xzn-c65ded85d40fa2efd7bc029b5146a680\">\n.avia-section.av-kvtn1xzn-c65ded85d40fa2efd7bc029b5146a680{\nbackground-color:#C1DEEA;\nbackground-image:unset;\n}\n<\/style>\n<div id='av_section_1'  class='avia-section av-kvtn1xzn-c65ded85d40fa2efd7bc029b5146a680 main_color avia-section-default avia-no-border-styling  avia-builder-el-0  el_before_av_layout_row  avia-builder-el-first  avia-bg-style-scroll av-minimum-height av-minimum-height-custom av-height-custom  container_wrap fullsize'   data-av_minimum_height_px='200'><div class='container av-section-cont-open' style='height:200px'><main  role=\"main\" itemprop=\"mainContentOfPage\"  class='template-page content  av-content-full alpha units'><div class='post-entry post-entry-type-page post-entry-7134'><div class='entry-content-wrapper clearfix'>\n<\/div><\/div><\/main><!-- close content main element --><\/div><\/div><div id='kontakt'  class='av-layout-grid-container av-84yg63-2e61e7ce505ed16791fd6048d3dfe2a6 entry-content-wrapper main_color av-flex-cells  avia-builder-el-1  el_after_av_section  el_before_av_section  grid-row-not-first  container_wrap fullsize'  >\n\n<style type=\"text\/css\" data-created_by=\"avia_inline_auto\" id=\"style-css-av-7zs6x7-1107fda9b0b1bc97091e7f682ded2830\">\n.flex_cell.av-7zs6x7-1107fda9b0b1bc97091e7f682ded2830{\nvertical-align:top;\nheight:200px;\nmin-height:200px;\nbackground-color:#ffffff;\n}\n.responsive #top #wrap_all .flex_cell.av-7zs6x7-1107fda9b0b1bc97091e7f682ded2830{\npadding:60px 60px 60px 60px !important;\n}\n<\/style>\n<div class='flex_cell av-7zs6x7-1107fda9b0b1bc97091e7f682ded2830 av-gridrow-cell av_one_half no_margin  avia-builder-el-2  el_before_av_cell_one_half  avia-builder-el-first  fcr-content-wrap'  ><div class='flex_cell_inner'><p>\n<style type=\"text\/css\" data-created_by=\"avia_inline_auto\" id=\"style-css-av-7vkumb-c3216f23554fb67706d464f484577e78\">\n#top .flex_column.av-7vkumb-c3216f23554fb67706d464f484577e78{\nmargin-top:0px;\nmargin-bottom:0px;\n}\n.flex_column.av-7vkumb-c3216f23554fb67706d464f484577e78{\nborder-radius:0px 0px 0px 0px;\npadding:0px 0px 0px 0px;\n}\n.responsive #top #wrap_all .flex_column.av-7vkumb-c3216f23554fb67706d464f484577e78{\nmargin-top:0px;\nmargin-bottom:0px;\n}\n<\/style>\n<div  class='flex_column av-7vkumb-c3216f23554fb67706d464f484577e78 av_one_full  avia-builder-el-3  el_before_av_one_half  avia-builder-el-first  fcr-content top first no_margin flex_column_div av-zero-column-padding  '     ><style type=\"text\/css\" data-created_by=\"avia_inline_auto\" id=\"style-css-av-kfchcxto-76a567785d88cc21383d7d5a478fb6ce\">\n#top .av-special-heading.av-kfchcxto-76a567785d88cc21383d7d5a478fb6ce{\npadding-bottom:10px;\nfont-size:22px;\n}\nbody .av-special-heading.av-kfchcxto-76a567785d88cc21383d7d5a478fb6ce .av-special-heading-tag .heading-char{\nfont-size:25px;\n}\n#top #wrap_all .av-special-heading.av-kfchcxto-76a567785d88cc21383d7d5a478fb6ce .av-special-heading-tag{\nfont-size:22px;\n}\n.av-special-heading.av-kfchcxto-76a567785d88cc21383d7d5a478fb6ce .av-subheading{\nfont-size:16px;\n}\n\n@media only screen and (min-width: 480px) and (max-width: 767px){ \n#top #wrap_all .av-special-heading.av-kfchcxto-76a567785d88cc21383d7d5a478fb6ce .av-special-heading-tag{\nfont-size:0.8em;\n}\n}\n\n@media only screen and (max-width: 479px){ \n#top #wrap_all .av-special-heading.av-kfchcxto-76a567785d88cc21383d7d5a478fb6ce .av-special-heading-tag{\nfont-size:0.8em;\n}\n}\n<\/style>\n<div  class='av-special-heading av-kfchcxto-76a567785d88cc21383d7d5a478fb6ce av-special-heading-h2 blockquote modern-quote modern-centered  avia-builder-el-4  avia-builder-el-no-sibling  av-thin-font av-inherit-size'><h2 class='av-special-heading-tag'  itemprop=\"headline\"  ><strong>Multilingua T\u00f5lkeb\u00fcroo O\u00dc<\/strong><\/h2><div class='av-subheading av-subheading_below'><p>Roosikrantsi 11, 10119 Tallinn<\/p>\n<\/div><div class=\"special-heading-border\"><div class=\"special-heading-inner-border\"><\/div><\/div><\/div><\/div><div class='flex_column_table av-7i2p2r-c9d5732e93333a0e0ea6356743cba2dc sc-av_one_half av-equal-height-column-flextable'>\n<style type=\"text\/css\" data-created_by=\"avia_inline_auto\" id=\"style-css-av-7i2p2r-c9d5732e93333a0e0ea6356743cba2dc\">\n#top .flex_column_table.av-equal-height-column-flextable.av-7i2p2r-c9d5732e93333a0e0ea6356743cba2dc{\nmargin-top:0px;\nmargin-bottom:0px;\n}\n.flex_column.av-7i2p2r-c9d5732e93333a0e0ea6356743cba2dc{\nborder-radius:0px 0px 0px 0px;\npadding:0px 0px 0px 0px;\n}\n<\/style>\n<div  class='flex_column av-7i2p2r-c9d5732e93333a0e0ea6356743cba2dc av_one_half  avia-builder-el-5  el_after_av_one_full  el_before_av_one_half  fcr-content first no_margin flex_column_table_cell av-equal-height-column av-align-middle av-zero-column-padding  column-top-margin'     ><section  class='av_textblock_section av-7e9cmr-e877623f2e8e54daf777090417f0d2f6 '   itemscope=\"itemscope\" itemtype=\"https:\/\/schema.org\/CreativeWork\" ><div class='avia_textblock'  itemprop=\"text\" ><p style=\"text-align: center;\"><a href=\"tel:+3726408544\">(+372) 640 8544<\/a><br \/>\n<a href=\"mailto:multilingua@multilingua.ee\">multilingua@multilingua.ee<\/a><\/p>\n<\/div><\/section><\/div>\n<style type=\"text\/css\" data-created_by=\"avia_inline_auto\" id=\"style-css-av-77vh63-439f0fd29dde32dd7a5d26974c9d3774\">\n#top .flex_column_table.av-equal-height-column-flextable.av-77vh63-439f0fd29dde32dd7a5d26974c9d3774{\nmargin-top:0px;\nmargin-bottom:0px;\n}\n.flex_column.av-77vh63-439f0fd29dde32dd7a5d26974c9d3774{\nborder-radius:0px 0px 0px 0px;\npadding:0px 0px 0px 0px;\n}\n<\/style>\n<div  class='flex_column av-77vh63-439f0fd29dde32dd7a5d26974c9d3774 av_one_half  avia-builder-el-7  el_after_av_one_half  avia-builder-el-last  fcr-content no_margin flex_column_table_cell av-equal-height-column av-align-middle av-zero-column-padding  column-top-margin'     ><section  class='av_textblock_section av-2iorf-d267d39f58efca4489909dee8ecc1555 '   itemscope=\"itemscope\" itemtype=\"https:\/\/schema.org\/CreativeWork\" ><div class='avia_textblock'  itemprop=\"text\" ><p style=\"text-align: center;\">Reg. No. 10889019<\/p>\n<\/div><\/section><\/div><\/div><!--close column table wrapper. Autoclose: 1 --><\/p>\n<\/div><\/div>\n<style type=\"text\/css\" data-created_by=\"avia_inline_auto\" id=\"style-css-av-oupz7-90ce0eb8ec642c2ddaf380a6eb40a3c5\">\n.flex_cell.av-oupz7-90ce0eb8ec642c2ddaf380a6eb40a3c5{\nvertical-align:top;\nheight:200px;\nmin-height:200px;\n}\n.responsive #top #wrap_all .flex_cell.av-oupz7-90ce0eb8ec642c2ddaf380a6eb40a3c5{\npadding:30px 30px 30px 30px !important;\n}\n<\/style>\n<div class='flex_cell av-oupz7-90ce0eb8ec642c2ddaf380a6eb40a3c5 av-gridrow-cell av_one_half no_margin av-hide-on-mobile  avia-builder-el-9  el_after_av_cell_one_half  avia-builder-el-last '  ><div class='flex_cell_inner'><\/div><\/div>\n<\/div>\n<div id='fcr-kysipakkumist'  class='avia-section av-6rq2m3-b5a8f93cfce51e69dbed3bf36e2973c1 main_color avia-section-default avia-no-border-styling  avia-builder-el-10  el_after_av_layout_row  avia-builder-el-last  avia-bg-style-scroll container_wrap fullsize'  ><div class='container av-section-cont-open' ><div class='template-page content  av-content-full alpha units'><div class='post-entry post-entry-type-page post-entry-7134'><div class='entry-content-wrapper clearfix'>\n<div class='flex_column_table av-6i9piz-295d84a3c1cd4479b052ec6d0c4b6fd5 sc-av_one_half av-equal-height-column-flextable'>\n<style type=\"text\/css\" data-created_by=\"avia_inline_auto\" id=\"style-css-av-6i9piz-295d84a3c1cd4479b052ec6d0c4b6fd5\">\n.flex_column.av-6i9piz-295d84a3c1cd4479b052ec6d0c4b6fd5{\nborder-radius:0px 0px 0px 0px;\npadding:0px 0px 0px 15px;\n}\n<\/style>\n<div  class='flex_column av-6i9piz-295d84a3c1cd4479b052ec6d0c4b6fd5 av_one_half  avia-builder-el-11  el_before_av_one_fifth  avia-builder-el-first  first flex_column_table_cell av-equal-height-column av-align-top  '     ><section  class='av_textblock_section av-jibcts4c-cf7b0d6d12a101e50b7a8f3c67a5c703 '   itemscope=\"itemscope\" itemtype=\"https:\/\/schema.org\/CreativeWork\" ><div class='avia_textblock fcr-vorm'  itemprop=\"text\" >\n<div class=\"wpcf7 no-js\" id=\"wpcf7-f77039-o1\" lang=\"et\" dir=\"ltr\" data-wpcf7-id=\"77039\">\n<div class=\"screen-reader-response\"><p role=\"status\" aria-live=\"polite\" aria-atomic=\"true\"><\/p> <ul><\/ul><\/div>\n<form action=\"\/en\/wp-json\/wp\/v2\/pages\/7134#wpcf7-f77039-o1\" method=\"post\" class=\"wpcf7-form init\" aria-label=\"Contact form\" enctype=\"multipart\/form-data\" novalidate=\"novalidate\" data-status=\"init\">\n<fieldset class=\"hidden-fields-container\"><input type=\"hidden\" name=\"_wpcf7\" value=\"77039\" \/><input type=\"hidden\" name=\"_wpcf7_version\" value=\"6.1.5\" \/><input type=\"hidden\" name=\"_wpcf7_locale\" value=\"et\" \/><input type=\"hidden\" name=\"_wpcf7_unit_tag\" value=\"wpcf7-f77039-o1\" \/><input type=\"hidden\" name=\"_wpcf7_container_post\" value=\"0\" \/><input type=\"hidden\" name=\"_wpcf7_posted_data_hash\" value=\"\" \/><input type=\"hidden\" name=\"_wpcf7_recaptcha_response\" value=\"\" \/>\n<\/fieldset>\n<div class=\"caldera-grid\">\n\t<div class=\"row\">\n\t\t<div class=\"col-sm-6  first_col\">\n\t\t\t<div class=\"form-group\">\n\t\t\t\t<p><label class=\"control-label\">Translation is from ...: <span aria-hidden=\"true\" role=\"presentation\" class=\"field_required\" style=\"color:#ee0000;\">*<\/span><\/label><br \/>\n<span class=\"wpcf7-form-control-wrap\" data-name=\"mis-keelest\"><input size=\"40\" maxlength=\"400\" class=\"wpcf7-form-control wpcf7-text wpcf7-validates-as-required\" aria-required=\"true\" aria-invalid=\"false\" value=\"\" type=\"text\" name=\"mis-keelest\" \/><\/span>\n\t\t\t\t<\/p>\n\t\t\t<\/div>\n\t\t<\/div>\n\t\t<div class=\"col-sm-6  last_col\">\n\t\t\t<div class=\"form-group\">\n\t\t\t\t<p><label class=\"control-label\">The translation should be into ...: <span aria-hidden=\"true\" role=\"presentation\" class=\"field_required\" style=\"color:#ee0000;\">*<\/span><\/label><br \/>\n<span class=\"wpcf7-form-control-wrap\" data-name=\"mis-keelde\"><input size=\"40\" maxlength=\"400\" class=\"wpcf7-form-control wpcf7-text wpcf7-validates-as-required\" aria-required=\"true\" aria-invalid=\"false\" value=\"\" type=\"text\" name=\"mis-keelde\" \/><\/span>\n\t\t\t\t<\/p>\n\t\t\t<\/div>\n\t\t<\/div>\n\t\t<div class=\"col-sm-12  single\">\n\t\t\t<div class=\"form-group\">\n\t\t\t\t<p><label class=\"control-label\">Service<\/label><br \/>\n<span class=\"wpcf7-form-control-wrap\" data-name=\"milline-tlge\"><select class=\"wpcf7-form-control wpcf7-select\" aria-invalid=\"false\" name=\"milline-tlge\"><option value=\"Written translation\">Written translation<\/option><option value=\"Oral interpretation\">Oral interpretation<\/option><option value=\"Editing of texts\">Editing of texts<\/option><\/select><\/span>\n\t\t\t\t<\/p>\n\t\t\t<\/div>\n\t\t<\/div>\n\t<\/div>\n\t<div class=\"row\">\n\t\t<div class=\"col-sm-6  first_col\">\n\t\t\t<div class=\"form-group\">\n\t\t\t\t<p><label class=\"control-label\">Add file<\/label><br \/>\n<span class=\"wpcf7-form-control-wrap\" data-name=\"file-1\"><input size=\"40\" class=\"wpcf7-form-control wpcf7-file\" accept=\".pdf,.jpg,.txt,.doc,.docx,.xls,.xlsx,.odt,.ods\" aria-invalid=\"false\" type=\"file\" name=\"file-1\" \/><\/span>\n\t\t\t\t<\/p>\n\t\t\t<\/div>\n\t\t<\/div>\n\t\t<div class=\"col-sm-6  last_col\">\n\t\t\t<div class=\"form-group\">\n\t\t\t\t<p><label class=\"control-label\">Add file<\/label><br \/>\n<span class=\"wpcf7-form-control-wrap\" data-name=\"file-2\"><input size=\"40\" class=\"wpcf7-form-control wpcf7-file\" accept=\".pdf,.jpg,.txt,.doc,.docx,.xls,.xlsx,.odt,.ods\" aria-invalid=\"false\" type=\"file\" name=\"file-2\" \/><\/span>\n\t\t\t\t<\/p>\n\t\t\t<\/div>\n\t\t<\/div>\n\t\t<div class=\"col-sm-6  first_col\">\n\t\t\t<div class=\"form-group\">\n\t\t\t\t<p><label class=\"control-label\">Add file<\/label><br \/>\n<span class=\"wpcf7-form-control-wrap\" data-name=\"file-3\"><input size=\"40\" class=\"wpcf7-form-control wpcf7-file\" accept=\".pdf,.jpg,.txt,.doc,.docx,.xls,.xlsx,.odt,.ods\" aria-invalid=\"false\" type=\"file\" name=\"file-3\" \/><\/span>\n\t\t\t\t<\/p>\n\t\t\t<\/div>\n\t\t<\/div>\n\t\t<div class=\"col-sm-6  last_col\">\n\t\t\t<div class=\"form-group\">\n\t\t\t\t<p><label class=\"control-label\">Add file<\/label><br \/>\n<span class=\"wpcf7-form-control-wrap\" data-name=\"file-44\"><input size=\"40\" class=\"wpcf7-form-control wpcf7-file\" accept=\".pdf,.jpg,.txt,.doc,.docx,.xls,.xlsx,.odt,.ods\" aria-invalid=\"false\" type=\"file\" name=\"file-44\" \/><\/span>\n\t\t\t\t<\/p>\n\t\t\t<\/div>\n\t\t<\/div>\n\t<\/div>\n\t<div class=\"row\">\n\t\t<div class=\"col-sm-12  single\">\n\t\t\t<div class=\"form-group\">\n\t\t\t\t<p><label class=\"control-label\">Additional information about translation:<\/label><br \/>\n<span class=\"wpcf7-form-control-wrap\" data-name=\"lisainfo\"><textarea cols=\"40\" rows=\"10\" maxlength=\"2000\" class=\"wpcf7-form-control wpcf7-textarea\" aria-invalid=\"false\" name=\"lisainfo\"><\/textarea><\/span>\n\t\t\t\t<\/p>\n\t\t\t<\/div>\n\t\t<\/div>\n\t<\/div>\n\t<div class=\"row\">\n\t\t<div class=\"col-sm-12  single\">\n\t\t<hr class=\"\" style=\"width: 100%\" \/>\n\t\t\t<div class=\"center-me\">\n\t\t\t\t<h3>Tellija andmed\n\t\t\t\t<\/h3>\n\t\t\t<\/div>\n\t\t<\/div>\n\t<\/div>\n\t<div class=\"row\">\n\t\t<div class=\"col-sm-6  first_col\">\n\t\t\t<div class=\"form-group\">\n\t\t\t\t<p><label class=\"control-label\">Name <span aria-hidden=\"true\" role=\"presentation\" class=\"field_required\" style=\"color:#ee0000;\">*<\/span><\/label><br \/>\n<span class=\"wpcf7-form-control-wrap\" data-name=\"nimi\"><input size=\"40\" maxlength=\"400\" class=\"wpcf7-form-control wpcf7-text wpcf7-validates-as-required\" aria-required=\"true\" aria-invalid=\"false\" value=\"\" type=\"text\" name=\"nimi\" \/><\/span>\n\t\t\t\t<\/p>\n\t\t\t<\/div>\n\t\t<\/div>\n\t\t<div class=\"col-sm-6  last_col\">\n\t\t\t<div class=\"form-group\">\n\t\t\t\t<p><label class=\"control-label\">E-mail <span aria-hidden=\"true\" role=\"presentation\" class=\"field_required\" style=\"color:#ee0000;\">*<\/span><\/label><br \/>\n<span class=\"wpcf7-form-control-wrap\" data-name=\"email\"><input size=\"40\" maxlength=\"400\" class=\"wpcf7-form-control wpcf7-email wpcf7-validates-as-required wpcf7-text wpcf7-validates-as-email\" aria-required=\"true\" aria-invalid=\"false\" value=\"\" type=\"email\" name=\"email\" \/><\/span>\n\t\t\t\t<\/p>\n\t\t\t<\/div>\n\t\t<\/div>\n\t\t<div class=\"col-sm-12  single\">\n\t\t\t<div class=\"form-group\">\n\t\t\t\t<p><label class=\"control-label\">Phone <\/label><br \/>\n<span class=\"wpcf7-form-control-wrap\" data-name=\"telefon\"><input size=\"40\" maxlength=\"400\" class=\"wpcf7-form-control wpcf7-tel wpcf7-text wpcf7-validates-as-tel\" aria-invalid=\"false\" value=\"\" type=\"tel\" name=\"telefon\" \/><\/span>\n\t\t\t\t<\/p>\n\t\t\t<\/div>\n\t\t<\/div>\n\t<\/div>\n\t<div class=\"row last_row\">\n\t\t<div class=\"col-sm-12  single\">\n\t\t\t<div class=\"form-group\">\n\t\t\t\t<div class=\"checkbox\">\n\t\t\t\t\t<p><span class=\"wpcf7-form-control-wrap\" data-name=\"acceptance\"><span class=\"wpcf7-form-control wpcf7-acceptance optional\"><span class=\"wpcf7-list-item\"><label><input type=\"checkbox\" name=\"acceptance\" value=\"1\" class=\"checkbox\" aria-invalid=\"false\" \/><span class=\"wpcf7-list-item-label\">I would like to receive Multilingua news, offers and valuable advice by email.<\/span><\/label><\/span><\/span><\/span>\n\t\t\t\t\t<\/p>\n\t\t\t\t<\/div>\n\t\t\t\t<p><span class=\"help-block\">(we send out newsletters once a month, occasionally more often)<\/span>\n\t\t\t\t<\/p>\n\t\t\t<\/div>\n\t\t\t<div class=\"form-group\">\n\t\t\t\t<div class=\"center-me\">\n\t\t\t\t\t<p><input class=\"wpcf7-form-control wpcf7-submit has-spinner center-me\" type=\"submit\" value=\"Send\" \/>\n\t\t\t\t\t<\/p>\n\t\t\t\t<\/div>\n\t\t\t<\/div>\n\t\t<\/div>\n\t<\/div>\n<\/div><input type='hidden' class='wpcf7-pum' value='{\"closepopup\":false,\"closedelay\":0,\"openpopup\":false,\"openpopup_id\":0}' \/><div class=\"wpcf7-response-output\" aria-hidden=\"true\"><\/div>\n<\/form>\n<\/div>\n\n<\/div><\/section><\/div><div class='av-flex-placeholder'><\/div>\n<style type=\"text\/css\" data-created_by=\"avia_inline_auto\" id=\"style-css-av-5kdqjn-67de12f05ab9e84959f5161b085a81a4\">\n.flex_column.av-5kdqjn-67de12f05ab9e84959f5161b085a81a4{\nborder-radius:0px 0px 0px 0px;\npadding:0px 0px 0px 0px;\n}\n<\/style>\n<div  class='flex_column av-5kdqjn-67de12f05ab9e84959f5161b085a81a4 av_one_fifth  avia-builder-el-13  el_after_av_one_half  el_before_av_one_fifth  flex_column_table_cell av-equal-height-column av-align-top av-zero-column-padding  '     ><section  class='avia-team-member av-5dsjyr-da5966d3ec1959f42ae21ce272d616ac  avia-builder-el-14  avia-builder-el-no-sibling '  itemscope=\"itemscope\" itemtype=\"https:\/\/schema.org\/Person\" ><div class=\"team-img-container\"><img decoding=\"async\" class='wp-image-3898 avia-img-lazy-loading-not-3898 avia_image avia_image_team' src=\"https:\/\/multilingua.ee\/wp-content\/uploads\/2018\/08\/ellu_paales-214x300.jpg\" alt='Ellu Paales'  itemprop=\"image\"   height=\"300\" width=\"214\" srcset=\"https:\/\/multilingua.ee\/wp-content\/uploads\/2018\/08\/ellu_paales-214x300.jpg 214w, https:\/\/multilingua.ee\/wp-content\/uploads\/2018\/08\/ellu_paales.jpg 250w\" sizes=\"(max-width: 214px) 100vw, 214px\" \/><\/div><h3 class='team-member-name '  itemprop=\"name\" >Ellu Paales<\/h3><div class='team-member-job-title '  itemprop=\"jobTitle\" >Translation Manager <\/div><div class='team-member-description '  itemprop=\"description\" ><p><a href=\"tel:+3725114576\">(+372)5114576 <\/a><a href=\"mailto:multilingua@multilingua.ee\">multilingua@multilingua.ee<\/a><\/p>\n<\/div><span class='hidden team-member-affiliation'  itemprop=\"affiliation\" >Multilingua Keelekeskus O\u00dc<\/span><\/section><\/div><div class='av-flex-placeholder'><\/div>\n<style type=\"text\/css\" data-created_by=\"avia_inline_auto\" id=\"style-css-av-572543-5138b0ef841f1f7108ba4f70264bcffb\">\n.flex_column.av-572543-5138b0ef841f1f7108ba4f70264bcffb{\nborder-radius:0px 0px 0px 0px;\npadding:0px 0px 0px 0px;\n}\n<\/style>\n<div  class='flex_column av-572543-5138b0ef841f1f7108ba4f70264bcffb av_one_fifth  avia-builder-el-15  el_after_av_one_fifth  avia-builder-el-last  flex_column_table_cell av-equal-height-column av-align-top av-zero-column-padding  '     ><section  class='avia-team-member av-53f8x7-86ec8f801d00e322df06060da4c681a9  avia-builder-el-16  avia-builder-el-no-sibling '  itemscope=\"itemscope\" itemtype=\"https:\/\/schema.org\/Person\" ><div class=\"team-img-container\"><img decoding=\"async\" class='wp-image-3896 avia-img-lazy-loading-not-3896 avia_image avia_image_team' src=\"https:\/\/multilingua.ee\/wp-content\/uploads\/2018\/08\/anneli_agasild-214x300.jpg\" alt='Anneli Agasild'  itemprop=\"image\"   height=\"300\" width=\"214\" srcset=\"https:\/\/multilingua.ee\/wp-content\/uploads\/2018\/08\/anneli_agasild-214x300.jpg 214w, https:\/\/multilingua.ee\/wp-content\/uploads\/2018\/08\/anneli_agasild.jpg 250w\" sizes=\"(max-width: 214px) 100vw, 214px\" \/><\/div><h3 class='team-member-name '  itemprop=\"name\" >Anneli Agasild<\/h3><div class='team-member-job-title '  itemprop=\"jobTitle\" >Translation Manager, English language translator <\/div><div class='team-member-description '  itemprop=\"description\" ><p><a href=\"tel:+3725165336\">(+372)5165336 <\/a><a href=\"mailto:multilingua@multilingua.ee\">multilingua@multilingua.ee<\/a><\/p>\n<\/div><span class='hidden team-member-affiliation'  itemprop=\"affiliation\" >Multilingua Keelekeskus O\u00dc<\/span><\/section><\/div><\/div><!--close column table wrapper. Autoclose: 1 -->\n","protected":false},"excerpt":{"rendered":"","protected":false},"author":4,"featured_media":0,"parent":6923,"menu_order":0,"comment_status":"closed","ping_status":"closed","template":"","meta":{"_acf_changed":false,"_price":"","_stock":"","_tribe_ticket_header":"","_tribe_default_ticket_provider":"Tribe__Tickets_Plus__Commerce__WooCommerce__Main","_tribe_ticket_capacity":"0","_ticket_start_date":"","_ticket_end_date":"","_tribe_ticket_show_description":"","_tribe_ticket_show_not_going":false,"_tribe_ticket_use_global_stock":"","_tribe_ticket_global_stock_level":"","_global_stock_mode":"","_global_stock_cap":"","_tribe_rsvp_for_event":"","_tribe_ticket_going_count":"","_tribe_ticket_not_going_count":"","_tribe_tickets_list":"[]","_tribe_ticket_has_attendee_info_fields":false,"footnotes":"","_tec_slr_enabled":"","_tec_slr_layout":""},"class_list":["post-7134","page","type-page","status-publish","hentry"],"acf":[],"ticketed":false,"_links":{"self":[{"href":"https:\/\/multilingua.ee\/en\/wp-json\/wp\/v2\/pages\/7134","targetHints":{"allow":["GET"]}}],"collection":[{"href":"https:\/\/multilingua.ee\/en\/wp-json\/wp\/v2\/pages"}],"about":[{"href":"https:\/\/multilingua.ee\/en\/wp-json\/wp\/v2\/types\/page"}],"author":[{"embeddable":true,"href":"https:\/\/multilingua.ee\/en\/wp-json\/wp\/v2\/users\/4"}],"replies":[{"embeddable":true,"href":"https:\/\/multilingua.ee\/en\/wp-json\/wp\/v2\/comments?post=7134"}],"version-history":[{"count":12,"href":"https:\/\/multilingua.ee\/en\/wp-json\/wp\/v2\/pages\/7134\/revisions"}],"predecessor-version":[{"id":87865,"href":"https:\/\/multilingua.ee\/en\/wp-json\/wp\/v2\/pages\/7134\/revisions\/87865"}],"up":[{"embeddable":true,"href":"https:\/\/multilingua.ee\/en\/wp-json\/wp\/v2\/pages\/6923"}],"wp:attachment":[{"href":"https:\/\/multilingua.ee\/en\/wp-json\/wp\/v2\/media?parent=7134"}],"curies":[{"name":"wp","href":"https:\/\/api.w.org\/{rel}","templated":true}]}}