{"id":7945,"date":"2018-10-05T13:12:13","date_gmt":"2018-10-05T10:12:13","guid":{"rendered":"https:\/\/multilingua.ee\/keelekeskus\/keeltekoolist\/"},"modified":"2024-07-10T12:41:23","modified_gmt":"2024-07-10T09:41:23","slug":"about-the-language-school","status":"publish","type":"page","link":"https:\/\/multilingua.ee\/en\/language-school\/about-the-language-school\/","title":{"rendered":"About the language school"},"content":{"rendered":"\n<style type=\"text\/css\" data-created_by=\"avia_inline_auto\" id=\"style-css-av-d4kfr-b1e656f104ec17daccec9497197304fb\">\n.avia-section.av-d4kfr-b1e656f104ec17daccec9497197304fb{\nbackground-repeat:no-repeat;\nbackground-image:url(https:\/\/multilingua.ee\/wp-content\/uploads\/2018\/08\/rev-slider-1-thin-green.jpg);\nbackground-position:50% 50%;\nbackground-attachment:scroll;\n}\n<\/style>\n<div id='av_section_1'  class='avia-section av-d4kfr-b1e656f104ec17daccec9497197304fb main_color avia-section-default avia-no-border-styling  avia-builder-el-0  el_before_av_section  avia-builder-el-first  avia-full-stretch avia-bg-style-scroll container_wrap fullsize'  data-section-bg-repeat='stretch'><div class='container av-section-cont-open' ><main  role=\"main\" itemprop=\"mainContentOfPage\"  class='template-page content  av-content-full alpha units'><div class='post-entry post-entry-type-page post-entry-7945'><div class='entry-content-wrapper clearfix'>\n\n<style type=\"text\/css\" data-created_by=\"avia_inline_auto\" id=\"style-css-av-jne97rsy-f0dd8ba7aaded533eec057ff9dbcec76\">\n#top .av-special-heading.av-jne97rsy-f0dd8ba7aaded533eec057ff9dbcec76{\npadding-bottom:10px;\ncolor:#ffffff;\n}\nbody .av-special-heading.av-jne97rsy-f0dd8ba7aaded533eec057ff9dbcec76 .av-special-heading-tag .heading-char{\nfont-size:25px;\n}\n.av-special-heading.av-jne97rsy-f0dd8ba7aaded533eec057ff9dbcec76 .special-heading-inner-border{\nborder-color:#ffffff;\n}\n.av-special-heading.av-jne97rsy-f0dd8ba7aaded533eec057ff9dbcec76 .av-subheading{\nfont-size:15px;\n}\n<\/style>\n<div  class='av-special-heading av-jne97rsy-f0dd8ba7aaded533eec057ff9dbcec76 av-special-heading-h1 custom-color-heading blockquote modern-quote modern-centered  avia-builder-el-1  avia-builder-el-no-sibling '><h1 class='av-special-heading-tag'  itemprop=\"headline\"  >About the language school<\/h1><div class=\"special-heading-border\"><div class=\"special-heading-inner-border\"><\/div><\/div><\/div>\n\n<\/div><\/div><\/main><!-- close content main element --><\/div><\/div><div id='av_section_2'  class='avia-section av-d4kfr-b4512091cc9df0cdc6dd4455c4503ce3 main_color avia-section-default avia-no-border-styling  avia-builder-el-2  el_after_av_section  avia-builder-el-last  avia-bg-style-scroll av-minimum-height av-minimum-height-50 av-height-50  container_wrap fullsize'   data-av_minimum_height_pc='50' data-av_min_height_opt='50'><div class='container av-section-cont-open' ><div class='template-page content  av-content-full alpha units'><div class='post-entry post-entry-type-page post-entry-7945'><div class='entry-content-wrapper clearfix'>\n\n<style type=\"text\/css\" data-created_by=\"avia_inline_auto\" id=\"style-css-av-kgo5j-e80fdbda3546d609fcb0f8f86a8603e8\">\n.flex_column.av-kgo5j-e80fdbda3546d609fcb0f8f86a8603e8{\nborder-radius:0px 0px 0px 0px;\npadding:0px 0px 0px 0px;\n}\n<\/style>\n<div  class='flex_column av-kgo5j-e80fdbda3546d609fcb0f8f86a8603e8 av_one_fifth  avia-builder-el-3  el_before_av_four_fifth  avia-builder-el-first  first flex_column_div av-zero-column-padding  '     ><\/div>\n<style type=\"text\/css\" data-created_by=\"avia_inline_auto\" id=\"style-css-av-7dxe7-3dcdc8e42cb93654903ee5c2844e3c59\">\n.flex_column.av-7dxe7-3dcdc8e42cb93654903ee5c2844e3c59{\nborder-radius:0px 0px 0px 0px;\npadding:0px 0px 0px 0px;\n}\n<\/style>\n<div  class='flex_column av-7dxe7-3dcdc8e42cb93654903ee5c2844e3c59 av_four_fifth  avia-builder-el-5  el_after_av_one_fifth  avia-builder-el-last  flex_column_div av-zero-column-padding  '     ><p><section  class='av_textblock_section av-jk9kieq0-0da592d03bea6be971c02bd4f00fa104 '   itemscope=\"itemscope\" itemtype=\"https:\/\/schema.org\/CreativeWork\" ><div class='avia_textblock'  itemprop=\"text\" ><p>The <strong>Multilingua Language Center<\/strong> was founded in 1994. Today, we are one of the largest and most reliable language schools in Estonia, offering language education for adults and children. Since the autumn of 2020, we have been offering training, coaching, and development programs for teachers and other educational workers.<\/p>\n<h1>MISSION<\/h1>\n<p>Multilingua&#8217;s mission is to be a language center open to the world, offering the best learning experience and a customer-centered approach.<\/p>\n<h1>VISION<\/h1>\n<p>Multilingua&#8217;s vision is to enhance clients&#8217; opportunities, broaden their world, and improve their quality of life through language learning and self-development.<\/p>\n<h1>VALUES<\/h1>\n<p>Our activities are based on three core values: PROFESSIONALISM, CUSTOMER-CENTEREDNESS, and DEVELOPMENT.<\/p>\n<h1>RECOGNITION<\/h1>\n<ul>\n<li>In 2006, the European Commission and the Ministry of Education and Research acknowledged Multilingua with the award of the year&#8217;s best foreign language act, which was granted for launching for<strong> Multi-Skype learning form<\/strong> to the market.<\/li>\n<li>In 2020, <strong>\u00c4rip\u00e4ev<\/strong> awarded us the title of <strong>&#8220;Gazelle Company,&#8221;<\/strong> which means that the company increased its revenue and profit by 50% over three years.<\/li>\n<li>In 2022, we won the <strong>&#8220;Foreign Language Initiative of the Year&#8221;<\/strong> competition and received the European Language Label from the European Commission for the project &#8220;Multilingua&#8217;s Old Town Game.&#8221;<\/li>\n<\/ul>\n<p>Multilingua Language Center is a member of multiple organizations as well as a co-operation partner of the <strong>Estonian Unemployment Insurance Fund Training Card<\/strong>.<\/p>\n<\/div><\/section><br \/>\n<div id='av-masonry-1' class='av-masonry av-jl4vsp8h-e066de6aa20b2a6c6ca3d4a87aebb105 noHover av-flex-size av-large-gap av-hover-overlay- av-masonry-animation-active av-masonry-col-flexible av-caption-always av-caption-style- av-masonry-gallery ' data-post_id=\"7945\"><div class=\"av-masonry-container isotope av-js-disabled\"><div class='av-masonry-entry isotope-item av-masonry-item-no-image '><\/div><a href=\"https:\/\/andras.ee\/en\"  aria-label=\"image Andrase-logo_sinine\"  id='av-masonry-1-item-3996' data-av-masonry-item='3996' class='av-masonry-entry isotope-item post-3996 attachment type-attachment status-inherit hentry  av-masonry-item-with-image' title=\"Andrase-logo_sinine\" alt=\"\"  data-av-masonry-custom-link=\"https:\/\/andras.ee\/en\"  itemprop=\"thumbnailUrl\" ><div class='av-inner-masonry-sizer'><\/div><figure class='av-inner-masonry main_color'><div class=\"av-masonry-outerimage-container\"><div class='av-masonry-image-container'   ><img decoding=\"async\" width=\"220\" height=\"194\" class=\"wp-image-3996 avia-img-lazy-loading-not-3996\"  src=\"https:\/\/multilingua.ee\/wp-content\/uploads\/2018\/08\/Andrase-logo_sinine.jpg\" title=\"Andrase-logo_sinine\" alt=\"\" \/><\/div><\/div><\/figure><\/a><!--end av-masonry entry--><a href=\"https:\/\/www.koda.ee\/en\"  aria-label=\"image KODA-liige\"  id='av-masonry-1-item-3998' data-av-masonry-item='3998' class='av-masonry-entry isotope-item post-3998 attachment type-attachment status-inherit hentry  av-masonry-item-with-image' title=\"KODA-liige\" alt=\"\"  data-av-masonry-custom-link=\"https:\/\/www.koda.ee\/en\"  itemprop=\"thumbnailUrl\" ><div class='av-inner-masonry-sizer'><\/div><figure class='av-inner-masonry main_color'><div class=\"av-masonry-outerimage-container\"><div class='av-masonry-image-container'   ><img decoding=\"async\" width=\"220\" height=\"194\" class=\"wp-image-3998 avia-img-lazy-loading-not-3998\"  src=\"https:\/\/multilingua.ee\/wp-content\/uploads\/2018\/08\/KODA-liige.jpg\" title=\"KODA-liige\" alt=\"\" \/><\/div><\/div><\/figure><\/a><!--end av-masonry entry--><div id='av-masonry-1-item-73970' data-av-masonry-item='73970' class='av-masonry-entry isotope-item post-73970 attachment type-attachment status-inherit hentry  av-masonry-item-with-image'    itemprop=\"thumbnailUrl\" ><div class='av-inner-masonry-sizer'><\/div><figure class='av-inner-masonry main_color'><div class=\"av-masonry-outerimage-container\"><div class='av-masonry-image-container'   ><img decoding=\"async\" width=\"194\" height=\"194\" class=\"wp-image-73970 avia-img-lazy-loading-not-73970\"  src=\"https:\/\/multilingua.ee\/wp-content\/uploads\/2024\/07\/epl-e1720604348161.jpg\" title=\"EPL\" alt=\"\" \/><\/div><\/div><\/figure><\/div><!--end av-masonry entry--><\/div><\/div><\/p><\/div>\n","protected":false},"excerpt":{"rendered":"<p>Teachers Language curriculas A2-taseme eksami\u00fclesannete lahendamise kursus B1-taseme eksami\u00fclesannete lahendamise kursus B2-taseme eksami\u00fclesannete lahendamise kursus C1-taseme eksami\u00fclesannete lahendamise kursus English language curriculum A1 English language curriculum A2 English language curriculum [&hellip;]<\/p>\n","protected":false},"author":4,"featured_media":0,"parent":7938,"menu_order":0,"comment_status":"closed","ping_status":"closed","template":"","meta":{"_acf_changed":false,"_price":"","_stock":"","_tribe_ticket_header":"","_tribe_default_ticket_provider":"Tribe__Tickets_Plus__Commerce__WooCommerce__Main","_tribe_ticket_capacity":"0","_ticket_start_date":"","_ticket_end_date":"","_tribe_ticket_show_description":"","_tribe_ticket_show_not_going":false,"_tribe_ticket_use_global_stock":"","_tribe_ticket_global_stock_level":"","_global_stock_mode":"","_global_stock_cap":"","_tribe_rsvp_for_event":"","_tribe_ticket_going_count":"","_tribe_ticket_not_going_count":"","_tribe_tickets_list":"[]","_tribe_ticket_has_attendee_info_fields":false,"footnotes":"","_tec_slr_enabled":"","_tec_slr_layout":""},"class_list":["post-7945","page","type-page","status-publish","hentry"],"acf":[],"ticketed":false,"_links":{"self":[{"href":"https:\/\/multilingua.ee\/en\/wp-json\/wp\/v2\/pages\/7945","targetHints":{"allow":["GET"]}}],"collection":[{"href":"https:\/\/multilingua.ee\/en\/wp-json\/wp\/v2\/pages"}],"about":[{"href":"https:\/\/multilingua.ee\/en\/wp-json\/wp\/v2\/types\/page"}],"author":[{"embeddable":true,"href":"https:\/\/multilingua.ee\/en\/wp-json\/wp\/v2\/users\/4"}],"replies":[{"embeddable":true,"href":"https:\/\/multilingua.ee\/en\/wp-json\/wp\/v2\/comments?post=7945"}],"version-history":[{"count":6,"href":"https:\/\/multilingua.ee\/en\/wp-json\/wp\/v2\/pages\/7945\/revisions"}],"predecessor-version":[{"id":73975,"href":"https:\/\/multilingua.ee\/en\/wp-json\/wp\/v2\/pages\/7945\/revisions\/73975"}],"up":[{"embeddable":true,"href":"https:\/\/multilingua.ee\/en\/wp-json\/wp\/v2\/pages\/7938"}],"wp:attachment":[{"href":"https:\/\/multilingua.ee\/en\/wp-json\/wp\/v2\/media?parent=7945"}],"curies":[{"name":"wp","href":"https:\/\/api.w.org\/{rel}","templated":true}]}}