{"id":7988,"date":"2018-07-24T16:03:47","date_gmt":"2018-07-24T13:03:47","guid":{"rendered":"https:\/\/multilingua.ee\/keelekeskus\/keeltekoolist\/language-curriculas\/vene-b1\/"},"modified":"2018-10-05T14:13:28","modified_gmt":"2018-10-05T11:13:28","slug":"russian-language-curriculum-b1","status":"publish","type":"page","link":"https:\/\/multilingua.ee\/en\/language-school\/about-the-language-school\/language-curriculas\/russian-language-curriculum-b1\/","title":{"rendered":"Russian language curriculum B1"},"content":{"rendered":"\n<style type=\"text\/css\" data-created_by=\"avia_inline_auto\" id=\"style-css-av-d71db-3a14b7838875904957debab623a18a6c\">\n.avia-section.av-d71db-3a14b7838875904957debab623a18a6c{\nbackground-repeat:no-repeat;\nbackground-image:url(https:\/\/multilingua.ee\/wp-content\/uploads\/2018\/08\/rev-slider-1-thin-green.jpg);\nbackground-position:50% 50%;\nbackground-attachment:scroll;\n}\n<\/style>\n<div id='av_section_1'  class='avia-section av-d71db-3a14b7838875904957debab623a18a6c main_color avia-section-default avia-no-border-styling  avia-builder-el-0  el_before_av_section  avia-builder-el-first  avia-full-stretch avia-bg-style-scroll container_wrap fullsize'  data-section-bg-repeat='stretch'><div class='container av-section-cont-open' ><main  role=\"main\" itemprop=\"mainContentOfPage\"  class='template-page content  av-content-full alpha units'><div class='post-entry post-entry-type-page post-entry-7988'><div class='entry-content-wrapper clearfix'>\n\n<style type=\"text\/css\" data-created_by=\"avia_inline_auto\" id=\"style-css-av-jmvwv6wf-6d50da5f23049ceecce4db8eb98c69e8\">\n#top .av-special-heading.av-jmvwv6wf-6d50da5f23049ceecce4db8eb98c69e8{\npadding-bottom:10px;\ncolor:#ffffff;\n}\nbody .av-special-heading.av-jmvwv6wf-6d50da5f23049ceecce4db8eb98c69e8 .av-special-heading-tag .heading-char{\nfont-size:25px;\n}\n.av-special-heading.av-jmvwv6wf-6d50da5f23049ceecce4db8eb98c69e8 .special-heading-inner-border{\nborder-color:#ffffff;\n}\n.av-special-heading.av-jmvwv6wf-6d50da5f23049ceecce4db8eb98c69e8 .av-subheading{\nfont-size:15px;\n}\n<\/style>\n<div  class='av-special-heading av-jmvwv6wf-6d50da5f23049ceecce4db8eb98c69e8 av-special-heading-h1 custom-color-heading blockquote modern-quote modern-centered  avia-builder-el-1  avia-builder-el-no-sibling '><h1 class='av-special-heading-tag'  itemprop=\"headline\"  >Russian language curriculum B1<\/h1><div class=\"special-heading-border\"><div class=\"special-heading-inner-border\"><\/div><\/div><\/div>\n<\/div><\/div><\/main><!-- close content main element --><\/div><\/div><div id='fcr-kysipakkumist'  class='avia-section av-7l3b3-4c227468f0599b4dbde4365d98fa8225 main_color avia-section-default avia-no-border-styling  avia-builder-el-2  el_after_av_section  avia-builder-el-last  avia-bg-style-scroll av-minimum-height av-minimum-height-50 av-height-50  container_wrap fullsize'   data-av_minimum_height_pc='50' data-av_min_height_opt='50'><div class='container av-section-cont-open' ><div class='template-page content  av-content-full alpha units'><div class='post-entry post-entry-type-page post-entry-7988'><div class='entry-content-wrapper clearfix'>\n\n<style type=\"text\/css\" data-created_by=\"avia_inline_auto\" id=\"style-css-av-g3y2d-ba4b797258f73fd86b8a3aec79fcb492\">\n.flex_column.av-g3y2d-ba4b797258f73fd86b8a3aec79fcb492{\nborder-radius:0px 0px 0px 0px;\npadding:0px 0px 0px 0px;\n}\n<\/style>\n<div  class='flex_column av-g3y2d-ba4b797258f73fd86b8a3aec79fcb492 av_one_fourth  avia-builder-el-3  el_before_av_three_fourth  avia-builder-el-first  first flex_column_div av-zero-column-padding  '     ><div  class='avia-builder-widget-area clearfix  avia-builder-el-4  avia-builder-el-no-sibling '><div id=\"easy_sidebar_menu_widget-3\" class=\"widget-odd widget-last widget-first widget-1 widget clearfix widget_easy_sidebar_menu_widget\"><div class=\"menu-keelekeskus-oppekavad-english-container\"><ul id=\"menu-keelekeskus-oppekavad-english\" class=\"menu\"><li id='menu-item-9010'  class=\"menu-item menu-item-type-post_type menu-item-object-page menu-item-has-children\"><span class='link__wrap'><a  href=\"https:\/\/multilingua.ee\/en\/language-school\/about-the-language-school\/language-curriculas\/english-language-curriculum-a1\/\" class=\"easy-sidebar-menu-widget-link\">English language curriculum A1<\/a> <a href=\"#\" class=\"easy-sidebar-menu-widget-toggler\"><i><\/i><\/a><\/span>\n<ul class=\"sub-menu\">\n<li id='menu-item-9011'  class=\"menu-item menu-item-type-post_type menu-item-object-page\"><span class='link__wrap'><a  href=\"https:\/\/multilingua.ee\/en\/language-school\/about-the-language-school\/language-curriculas\/english-language-curriculum-a1\/\" class=\"easy-sidebar-menu-widget-link\">English language curriculum A1<\/a> <\/span><\/li>\n<li id='menu-item-9012'  class=\"menu-item menu-item-type-post_type menu-item-object-page\"><span class='link__wrap'><a  href=\"https:\/\/multilingua.ee\/en\/language-school\/about-the-language-school\/language-curriculas\/english-language-curriculum-a2\/\" class=\"easy-sidebar-menu-widget-link\">English language curriculum A2<\/a> <\/span><\/li>\n<li id='menu-item-9013'  class=\"menu-item menu-item-type-post_type menu-item-object-page\"><span class='link__wrap'><a  href=\"https:\/\/multilingua.ee\/en\/language-school\/about-the-language-school\/language-curriculas\/english-language-curriculum-b1\/\" class=\"easy-sidebar-menu-widget-link\">English language curriculum B1<\/a> <\/span><\/li>\n<li id='menu-item-9014'  class=\"menu-item menu-item-type-post_type menu-item-object-page\"><span class='link__wrap'><a  href=\"https:\/\/multilingua.ee\/en\/language-school\/about-the-language-school\/language-curriculas\/english-language-curriculum-b2\/\" class=\"easy-sidebar-menu-widget-link\">English language curriculum B2<\/a> <\/span><\/li>\n<\/ul>\n<\/li>\n<li id='menu-item-9015'  class=\"menu-item menu-item-type-post_type menu-item-object-page menu-item-has-children\"><span class='link__wrap'><a  href=\"https:\/\/multilingua.ee\/en\/language-school\/about-the-language-school\/language-curriculas\/russian-language-curriculum-a1\/\" class=\"easy-sidebar-menu-widget-link\">Russian language curriculum A1<\/a> <a href=\"#\" class=\"easy-sidebar-menu-widget-toggler\"><i><\/i><\/a><\/span>\n<ul class=\"sub-menu\">\n<li id='menu-item-9016'  class=\"menu-item menu-item-type-post_type menu-item-object-page\"><span class='link__wrap'><a  href=\"https:\/\/multilingua.ee\/en\/language-school\/about-the-language-school\/language-curriculas\/russian-language-curriculum-a1\/\" class=\"easy-sidebar-menu-widget-link\">Russian language curriculum A1<\/a> <\/span><\/li>\n<li id='menu-item-9017'  class=\"menu-item menu-item-type-post_type menu-item-object-page\"><span class='link__wrap'><a  href=\"https:\/\/multilingua.ee\/en\/language-school\/about-the-language-school\/language-curriculas\/russian-language-curriculum-a2\/\" class=\"easy-sidebar-menu-widget-link\">Russian language curriculum A2<\/a> <\/span><\/li>\n<li id='menu-item-9018'  class=\"menu-item menu-item-type-post_type menu-item-object-page\"><span class='link__wrap'><a  href=\"https:\/\/multilingua.ee\/en\/language-school\/about-the-language-school\/language-curriculas\/russian-language-curriculum-b1\/\" class=\"easy-sidebar-menu-widget-link\">Russian language curriculum B1<\/a> <\/span><\/li>\n<li id='menu-item-9019'  class=\"menu-item menu-item-type-post_type menu-item-object-page\"><span class='link__wrap'><a  href=\"https:\/\/multilingua.ee\/en\/language-school\/about-the-language-school\/language-curriculas\/russian-language-curriculum-b2\/\" class=\"easy-sidebar-menu-widget-link\">Russian language curriculum B2<\/a> <\/span><\/li>\n<\/ul>\n<\/li>\n<\/ul><\/div><\/div><\/div><\/div>\n<style type=\"text\/css\" data-created_by=\"avia_inline_auto\" id=\"style-css-av-bedwd-aafc970bd03b5f35b49ceab3bd2f0305\">\n.flex_column.av-bedwd-aafc970bd03b5f35b49ceab3bd2f0305{\nborder-radius:0px 0px 0px 0px;\npadding:0px 0px 0px 0px;\n}\n<\/style>\n<div  class='flex_column av-bedwd-aafc970bd03b5f35b49ceab3bd2f0305 av_three_fourth  avia-builder-el-5  el_after_av_one_fourth  avia-builder-el-last  flex_column_div av-zero-column-padding  '     ><section  class='av_textblock_section av-jj5i67od-fa2a5859ba2ace7e1d9c1008bd76f7b9 '   itemscope=\"itemscope\" itemtype=\"https:\/\/schema.org\/CreativeWork\" ><div class='avia_textblock'  itemprop=\"text\" ><ol>\n<li><strong> Name of the continuing education institution:<br \/>\nMultilingua Keelekeskus O\u00dc<\/strong><\/li>\n<li><strong> Curriculum title:<\/strong><br \/>\nB1 level Russian language communication language continuing education, modules B1 and B1.2.<\/li>\n<li>Curriculum group &#8220;Foreign languages \u200b\u200band cultures.&#8221;<br \/>\n\u201eRussian Language.<\/li>\n<li><strong> The total volume of study (in academic hours):<\/strong><br \/>\n200 academic hours, of which 120 hours are contact lessons and 80 hours of independent work.<br \/>\nThe intensive communication language course consists of 24 or 36 academic contact hours and 12 or 24 hours of independent study.<br \/>\n<strong>5. The basis for compiling the curriculum:<\/strong><br \/>\nEuropean Framework of Reference for Languages<\/li>\n<li><strong> Target group and conditions for starting studies:<\/strong><br \/>\nAdults who have completed a Russian language course of A2 level or have passed a national A2 level exam or have passed the A2 test on the Multilingua website.<\/li>\n<li><strong> Purpose of the course:<\/strong><br \/>\nTo acquire language proficiency level B1 &#8211; independent language user.<\/li>\n<li><strong> Learning outcomes:<\/strong><br \/>\nBy the end of the course:<\/li>\n<\/ol>\n<ul>\n<li>understands the basic information about a familiar subject (school, work, leisure, etc.), and the basic content of radio and television broadcasts that are broadcast slowly and clearly on topical issues of interest to the learner<\/li>\n<li>understands work-related texts, as well as events, thoughts and wishes presented in personal letters<\/li>\n<li>is able to converse on familiar, interesting or important topic (family, hobbies, work, etc.) without a preparation, can describe experiences, events and intentions, as well as substantiate his or her positions, can pass on the content of the film or the book and express their opinion.<\/li>\n<li>can write simple, coherent text or letter on a familiar or interesting topic, can describe his or her experiences and impressions.<\/li>\n<\/ul>\n<ol start=\"9\">\n<li><strong> Study content by subject areas:<\/strong><\/li>\n<\/ol>\n<ul>\n<li>Me and my family<br \/>\nA comprehensive introduction of Factual information Selection of the language style. Family background, composition, etc. Family traditions. Holidays and anniversaries. Completing various questionnaires.<\/li>\n<li>Education<br \/>\nInformation about education and studies. Understanding information about educational institutions and education. Language skills.<\/li>\n<li>Occupation, profession, and work<br \/>\nChoice of the profession. Specialties and professions. Job vacancies, job interviews, activities at work, description of a work day and presentation of their work. Working conditions Description of work tasks. CV.<\/li>\n<li>Service and commerce<br \/>\nPostal services, banking services, shops, and shopping centers, hairdressers, etc. Speech etiquette in service stations. Information about location, opening hours, service types, and prices. Comparison. Understanding the content of guidelines, ads. Complaint<\/li>\n<li>Leisure, hobbies, and entertainment<br \/>\nSports Leisure time preferences. Cinema, theater, concert and other cultural events. Understanding information and easy guides for a recreational service. Planning and describing the holiday.<\/li>\n<li>Food and drink<br \/>\nCafes, restaurants, and other catering establishments. Booking a table, understanding the menu, ordering. Eating habits. Customs at the dining table and speech etiquette Understanding ads for catering establishments. Special needs.<\/li>\n<li>Information around us Current events<br \/>\nAds, announcements, advertising. Places and activities. Current events.<\/li>\n<li>Environment, weather, and nature<br \/>\nUnderstanding the weather forecast and describing weather. Seasons. Weather conditions Nature Local natural attractions and sights. Birds, animals, plants.<\/li>\n<li>Travel and transportation<br \/>\nPublic transport, travel planning, ticket purchase. Asking for and giving directions. Accommodation establishments, booking a room. Sights. Writing a postcard. Travel description. Preferences and complaints.<\/li>\n<li>Housing and real estate<br \/>\nDescription of the place of residence. Living conditions Furniture. Household appliances. Homework. Maintenance. Home buying, selling, renting. Inviting guests. Speech etiquette in the village. Describing daily activities.<\/li>\n<li>Feelings and health.<br \/>\nFeelings and complaints. Personal hygiene. Getting an appointment with a doctor. In hospital and an outpatient In the pharmacy. Calling an ambulance.<\/li>\n<li>Public authorities<br \/>\nHandling issues at public authorities. Work-related Orientation in work documents. Selection of the language style.<\/li>\n<\/ul>\n<p>Selection of language style<\/p>\n<ul>\n<li>Pronouns<\/li>\n<li>The gender of nouns and adjectives<\/li>\n<li>The plural of nouns.<\/li>\n<li>Congruence of numeral and noun<\/li>\n<li>Verb<\/li>\n<li>Tenses<\/li>\n<li><\/li>\n<li><\/li>\n<li><\/li>\n<\/ul>\n<ol start=\"10\">\n<li><strong> Study methods:<\/strong><br \/>\nRole-playing, watching and analyzing videos, listening and translation exercises, group, and pair work.<\/li>\n<li><strong> Independent work:<\/strong><br \/>\nOngoing independent work for doing at home, learning vocabulary, practicing in a language environment.<\/li>\n<li><strong> Description of the learning environment:<\/strong><br \/>\nMultilingua Language Center study rooms are located in Tallinn, at P\u00e4rnu mnt. 16, 3rd floor.<br \/>\nSix rooms have been fitted with tables and chairs to carry out the study. The study rooms are equipped with a computer, a projector, a CD player, a paperboard, bookshelves for teaching materials. In addition to study rooms, the Multilingua Language Center has an open office space with a school library, with a copy machine and a printer. All rooms have internet access. The rooms in the Multilingua Language Center meet the health and safety requirements.<\/li>\n<li><strong> Study materials list:<\/strong><\/li>\n<\/ol>\n<ul>\n<li>\u0415\u043b\u0435\u043d\u0430 \u0420\u0430\u0443\u0434\u043b\u0430 \u0420\u0443\u0441\u0441\u043a\u0438\u0439 \u044f\u0437\u044b\u043a- \u043c\u043e\u0439 \u0434\u0440\u0443\u0433 \u0438 \u043f\u043e\u043c\u043e\u0449\u043d\u0438\u043a \u0447\u0430\u0441\u0442\u044c 1 Koolibri kirjastus<\/li>\n<li>\u0415\u043b\u0435\u043d\u0430 \u0420\u0430\u0443\u0434\u043b\u0430 \u0420\u0443\u0441\u0441\u043a\u0438\u0439 \u044f\u0437\u044b\u043a- \u043c\u043e\u0439 \u0434\u0440\u0443\u0433 \u0438 \u043f\u043e\u043c\u043e\u0449\u043d\u0438\u043a \u0447\u0430\u0441\u0442\u044c 2 Koolibri kirjastus<\/li>\n<li>Saveljeva S. Gu\u0161t\u0161ina I. Mangus Vene \u00e4rikeel kesktasemele TEA kirjastus<\/li>\n<\/ul>\n<ol start=\"14\">\n<li><strong> Requirements for completing studies, including assessment methods and assessment criteria:<\/strong><br \/>\nThe precondition for completing studies is participation in 50% contact hours.<br \/>\nAt the end of the course, the learner must complete a B1-level graduation test\/ exam inside the training company, which includes writing, listening, reading and speaking according to the topics covered.<\/li>\n<li><strong> Assessment methods Assessment criteria<\/strong><\/li>\n<\/ol>\n<ul>\n<li>Listening &#8211; understands questions and the core content of the information, radio and TV program heard<\/li>\n<li>Reading &#8211; understands the content of texts, understands the content of events, thoughts, and wishes, understands work-related vocabulary and texts, when doing gap-filling exercises, recognizes the correct grammatical form, and guesses the unknown words on a contextual basis.<\/li>\n<li>Speaking &#8211; speaks about her\/himself, his\/her family, everyday life, and work plans and intentions without preparation.<\/li>\n<li>Writing &#8211; can write a coherent text, describe his\/her experiences and impressions, can write grammatically correct sentences<\/li>\n<\/ul>\n<ol start=\"16\">\n<li><strong> Document (certificate) issued upon completion of the course:<\/strong><br \/>\nThe certificate is issued when the completion requirements are met, i.e., that the learner has attended at least 50% of the contact hours and completed the graduation test. The certificate indicates the title of the course completed, the volume of the course or the number of academic hours, the time of the course, the register number of the Multilingua Language Center and the registration number in EHIS. The certificate is a signed by the teacher conducting the course and the Head of the Language Center.<br \/>\nThe certificate is issued if the learning outcomes were not achieved (the graduation test was not completed), but the learner took part in the study. The certificate is issued according to the number of contact hours attended, but not if the learner participated in less than half of the classes. The certificate is signed by the Head of the Language Center.<\/li>\n<li><strong> Description of the trainer&#8217;s qualification or study or work experience:<\/strong><br \/>\nTeachers conducting Russian language courses have all the teachers&#8217; qualifications and long-term experience in teaching Russian for adults.<\/li>\n<li><strong> Date of approval of the curriculum: 1. April 2017<\/strong><\/li>\n<\/ol>\n<\/div><\/section><\/div><\/p>\n","protected":false},"excerpt":{"rendered":"","protected":false},"author":4,"featured_media":0,"parent":7951,"menu_order":0,"comment_status":"closed","ping_status":"closed","template":"","meta":{"_acf_changed":false,"_price":"","_stock":"","_tribe_ticket_header":"","_tribe_default_ticket_provider":"","_tribe_ticket_capacity":"0","_ticket_start_date":"","_ticket_end_date":"","_tribe_ticket_show_description":"","_tribe_ticket_show_not_going":false,"_tribe_ticket_use_global_stock":"","_tribe_ticket_global_stock_level":"","_global_stock_mode":"","_global_stock_cap":"","_tribe_rsvp_for_event":"","_tribe_ticket_going_count":"","_tribe_ticket_not_going_count":"","_tribe_tickets_list":"[]","_tribe_ticket_has_attendee_info_fields":false,"footnotes":"","_tec_slr_enabled":"","_tec_slr_layout":""},"class_list":["post-7988","page","type-page","status-publish","hentry"],"acf":[],"ticketed":false,"_links":{"self":[{"href":"https:\/\/multilingua.ee\/en\/wp-json\/wp\/v2\/pages\/7988","targetHints":{"allow":["GET"]}}],"collection":[{"href":"https:\/\/multilingua.ee\/en\/wp-json\/wp\/v2\/pages"}],"about":[{"href":"https:\/\/multilingua.ee\/en\/wp-json\/wp\/v2\/types\/page"}],"author":[{"embeddable":true,"href":"https:\/\/multilingua.ee\/en\/wp-json\/wp\/v2\/users\/4"}],"replies":[{"embeddable":true,"href":"https:\/\/multilingua.ee\/en\/wp-json\/wp\/v2\/comments?post=7988"}],"version-history":[{"count":2,"href":"https:\/\/multilingua.ee\/en\/wp-json\/wp\/v2\/pages\/7988\/revisions"}],"predecessor-version":[{"id":7990,"href":"https:\/\/multilingua.ee\/en\/wp-json\/wp\/v2\/pages\/7988\/revisions\/7990"}],"up":[{"embeddable":true,"href":"https:\/\/multilingua.ee\/en\/wp-json\/wp\/v2\/pages\/7951"}],"wp:attachment":[{"href":"https:\/\/multilingua.ee\/en\/wp-json\/wp\/v2\/media?parent=7988"}],"curies":[{"name":"wp","href":"https:\/\/api.w.org\/{rel}","templated":true}]}}