{"id":8742,"date":"2018-06-14T13:15:01","date_gmt":"2018-06-14T10:15:01","guid":{"rendered":"https:\/\/multilingua.ee\/language-center\/individuaalope\/"},"modified":"2025-07-07T13:51:18","modified_gmt":"2025-07-07T10:51:18","slug":"individual-learning","status":"publish","type":"page","link":"https:\/\/multilingua.ee\/en\/language-school\/individual-learning\/","title":{"rendered":"Individual learning"},"content":{"rendered":"\n<style type=\"text\/css\" data-created_by=\"avia_inline_auto\" id=\"style-css-av-d71db-3a14b7838875904957debab623a18a6c\">\n.avia-section.av-d71db-3a14b7838875904957debab623a18a6c{\nbackground-repeat:no-repeat;\nbackground-image:url(https:\/\/multilingua.ee\/wp-content\/uploads\/2018\/08\/rev-slider-1-thin-green.jpg);\nbackground-position:50% 50%;\nbackground-attachment:scroll;\n}\n<\/style>\n<div id='av_section_1'  class='avia-section av-d71db-3a14b7838875904957debab623a18a6c main_color avia-section-default avia-no-border-styling  avia-builder-el-0  el_before_av_section  avia-builder-el-first  avia-full-stretch avia-bg-style-scroll container_wrap fullsize'  data-section-bg-repeat='stretch'><div class='container av-section-cont-open' ><main  role=\"main\" itemprop=\"mainContentOfPage\"  class='template-page content  av-content-full alpha units'><div class='post-entry post-entry-type-page post-entry-8742'><div class='entry-content-wrapper clearfix'>\n\n<style type=\"text\/css\" data-created_by=\"avia_inline_auto\" id=\"style-css-av-jnd8hci8-8845122b35c0d127e9c68639aa4a0d06\">\n#top .av-special-heading.av-jnd8hci8-8845122b35c0d127e9c68639aa4a0d06{\npadding-bottom:10px;\ncolor:#ffffff;\n}\nbody .av-special-heading.av-jnd8hci8-8845122b35c0d127e9c68639aa4a0d06 .av-special-heading-tag .heading-char{\nfont-size:25px;\n}\n.av-special-heading.av-jnd8hci8-8845122b35c0d127e9c68639aa4a0d06 .special-heading-inner-border{\nborder-color:#ffffff;\n}\n.av-special-heading.av-jnd8hci8-8845122b35c0d127e9c68639aa4a0d06 .av-subheading{\nfont-size:15px;\n}\n<\/style>\n<div  class='av-special-heading av-jnd8hci8-8845122b35c0d127e9c68639aa4a0d06 av-special-heading-h1 custom-color-heading blockquote modern-quote modern-centered  avia-builder-el-1  avia-builder-el-no-sibling '><h1 class='av-special-heading-tag'  itemprop=\"headline\"  >Individual learning<\/h1><div class=\"special-heading-border\"><div class=\"special-heading-inner-border\"><\/div><\/div><\/div>\n\n<\/div><\/div><\/main><!-- close content main element --><\/div><\/div><div id='fcr-kysipakkumist'  class='avia-section av-7l3b3-4c227468f0599b4dbde4365d98fa8225 main_color avia-section-default avia-no-border-styling  avia-builder-el-2  el_after_av_section  avia-builder-el-last  avia-bg-style-scroll av-minimum-height av-minimum-height-50 av-height-50  container_wrap fullsize'   data-av_minimum_height_pc='50' data-av_min_height_opt='50'><div class='container av-section-cont-open' ><div class='template-page content  av-content-full alpha units'><div class='post-entry post-entry-type-page post-entry-8742'><div class='entry-content-wrapper clearfix'>\n\n<style type=\"text\/css\" data-created_by=\"avia_inline_auto\" id=\"style-css-av-g3y2d-89f511bd0fa94dca56c0a39cd4e9baae\">\n.flex_column.av-g3y2d-89f511bd0fa94dca56c0a39cd4e9baae{\nborder-radius:0px 0px 0px 0px;\npadding:0px 0px 0px 0px;\n}\n<\/style>\n<div  class='flex_column av-g3y2d-89f511bd0fa94dca56c0a39cd4e9baae av_one_fifth  avia-builder-el-3  el_before_av_four_fifth  avia-builder-el-first  first flex_column_div av-zero-column-padding  '     ><\/div>\n<style type=\"text\/css\" data-created_by=\"avia_inline_auto\" id=\"style-css-av-bedwd-aafc970bd03b5f35b49ceab3bd2f0305\">\n.flex_column.av-bedwd-aafc970bd03b5f35b49ceab3bd2f0305{\nborder-radius:0px 0px 0px 0px;\npadding:0px 0px 0px 0px;\n}\n<\/style>\n<div  class='flex_column av-bedwd-aafc970bd03b5f35b49ceab3bd2f0305 av_four_fifth  avia-builder-el-5  el_after_av_one_fifth  avia-builder-el-last  flex_column_div av-zero-column-padding  '     ><p><section  class='av_textblock_section av-jj5i67od-c411422700b2a9f8a139f94d10613125 '   itemscope=\"itemscope\" itemtype=\"https:\/\/schema.org\/CreativeWork\" ><div class='avia_textblock'  itemprop=\"text\" ><p>Individual learning &#8211; a form of learning where 1 to 2 learners are learning at the time. Such learning is very effective because the teacher focuses on the needs, desires, and expectations of the particular learner. In addition to identifying the need for training, the teacher prepares a personalized training plan on the basis of which the language lessons will be conducted.<\/p>\n<p>The learner can choose the most suitable time and interval for classes, the length, and volume of the course.<\/p>\n<p>There are three options for individual learning: face-to-face training, distance learning (via Teams or Zoom), or a combination of the above. Choose the option that seems most appropriate. The distance learning allows to study regardless of where in the world the student and the teacher currently stay, and whether there are any restrictions on meetings.<\/p>\n<p>Estonian, Chinese, Spanish, Dutch, English, Italian, Japanese, Greek, Latvian, Norwegian, French, Swedish, German, Finnish, Danish, Ukrainian, Russian can be learned in the individual classes.<\/p>\n<p>The cost of one academic hour (1 academic hour = 45 minutes) for individual study is \u20ac 44 (VAT will be added to the price) per person.<\/p>\n<\/div><\/section><br \/>\n<section  class='av_textblock_section av-jkusf689-f86dbed28724f077a661710f39fafc7e '   itemscope=\"itemscope\" itemtype=\"https:\/\/schema.org\/CreativeWork\" ><div class='avia_textblock fcr-vorm'  itemprop=\"text\" ><h3>Register for individual study<\/h3>\n\n<div class=\"wpcf7 no-js\" id=\"wpcf7-f70550-o1\" lang=\"et\" dir=\"ltr\" data-wpcf7-id=\"70550\">\n<div class=\"screen-reader-response\"><p role=\"status\" aria-live=\"polite\" aria-atomic=\"true\"><\/p> <ul><\/ul><\/div>\n<form action=\"\/en\/wp-json\/wp\/v2\/pages\/8742#wpcf7-f70550-o1\" method=\"post\" class=\"wpcf7-form init\" aria-label=\"Contact form\" novalidate=\"novalidate\" data-status=\"init\">\n<fieldset class=\"hidden-fields-container\"><input type=\"hidden\" name=\"_wpcf7\" value=\"70550\" \/><input type=\"hidden\" name=\"_wpcf7_version\" value=\"6.1.5\" \/><input type=\"hidden\" name=\"_wpcf7_locale\" value=\"et\" \/><input type=\"hidden\" name=\"_wpcf7_unit_tag\" value=\"wpcf7-f70550-o1\" \/><input type=\"hidden\" name=\"_wpcf7_container_post\" value=\"0\" \/><input type=\"hidden\" name=\"_wpcf7_posted_data_hash\" value=\"\" \/><input type=\"hidden\" name=\"_wpcf7_recaptcha_response\" value=\"\" \/>\n<\/fieldset>\n<div class=\"caldera-grid\">\n\t<div class=\"row\">\n\t\t<div class=\"col-sm-12  single\">\n\t\t\t<div class=\"form-group\">\n\t\t\t\t<p><label class=\"control-label\">First and last name <span aria-hidden=\"true\" role=\"presentation\" class=\"field_required\" style=\"color:#ee0000;\">*<\/span><\/label><br \/>\n<span class=\"wpcf7-form-control-wrap\" data-name=\"nimi\"><input size=\"40\" maxlength=\"400\" class=\"wpcf7-form-control wpcf7-text wpcf7-validates-as-required\" aria-required=\"true\" aria-invalid=\"false\" value=\"\" type=\"text\" name=\"nimi\" \/><\/span>\n\t\t\t\t<\/p>\n\t\t\t<\/div>\n\t\t<\/div>\n\t\t<div class=\"col-sm-12  single\">\n\t\t\t<div class=\"form-group\">\n\t\t\t\t<p><label class=\"control-label\">Telephone <span aria-hidden=\"true\" role=\"presentation\" class=\"field_required\" style=\"color:#ee0000;\">*<\/span><\/label><br \/>\n<span class=\"wpcf7-form-control-wrap\" data-name=\"telefon\"><input size=\"40\" maxlength=\"400\" class=\"wpcf7-form-control wpcf7-tel wpcf7-validates-as-required wpcf7-text wpcf7-validates-as-tel\" aria-required=\"true\" aria-invalid=\"false\" value=\"\" type=\"tel\" name=\"telefon\" \/><\/span>\n\t\t\t\t<\/p>\n\t\t\t<\/div>\n\t\t<\/div>\n\t\t<div class=\"col-sm-12  single\">\n\t\t\t<div class=\"form-group\">\n\t\t\t\t<p><label class=\"control-label\">E-mail <span aria-hidden=\"true\" role=\"presentation\" class=\"field_required\" style=\"color:#ee0000;\">*<\/span><\/label><br \/>\n<span class=\"wpcf7-form-control-wrap\" data-name=\"email\"><input size=\"40\" maxlength=\"400\" class=\"wpcf7-form-control wpcf7-email wpcf7-validates-as-required wpcf7-text wpcf7-validates-as-email\" aria-required=\"true\" aria-invalid=\"false\" value=\"\" type=\"email\" name=\"email\" \/><\/span>\n\t\t\t\t<\/p>\n\t\t\t<\/div>\n\t\t<\/div>\n\t\t<div class=\"col-sm-12  single\">\n\t\t\t<div class=\"form-group\">\n\t\t\t\t<p><label class=\"control-label\">The language you want to learn<\/label><br \/>\n<span class=\"wpcf7-form-control-wrap\" data-name=\"oppekeel\"><input size=\"40\" maxlength=\"400\" class=\"wpcf7-form-control wpcf7-text\" aria-invalid=\"false\" value=\"\" type=\"text\" name=\"oppekeel\" \/><\/span>\n\t\t\t\t<\/p>\n\t\t\t<\/div>\n\t\t<\/div>\n\t\t<div class=\"col-sm-12  single\">\n\t\t\t<div class=\"form-group\">\n\t\t\t\t<p><label class=\"control-label\">How do you rate your language level? <span aria-hidden=\"true\" role=\"presentation\" class=\"field_required\" style=\"color:#ee0000;\">*<\/span><\/label><br \/>\n<span class=\"wpcf7-form-control-wrap\" data-name=\"menu-408\"><select class=\"wpcf7-form-control wpcf7-select\" aria-invalid=\"false\" name=\"menu-408\"><option value=\"\">\u2014Palun tehke valik\u2014<\/option><option value=\"0 - ma ei oska \u00fcldse keelt;\">0 - ma ei oska \u00fcldse keelt;<\/option><option value=\"1 - saan hakkama m\u00f5ningates lihtsamates olukordades; tean \u00fcksikuid s\u00f5nu ja fraase;\">1 - saan hakkama m\u00f5ningates lihtsamates olukordades; tean \u00fcksikuid s\u00f5nu ja fraase;<\/option><option value=\"2 - saan hakkama lihtsates igap\u00e4evastes olukordades; minu keeleoskus on piiratud, mist\u00f5ttu esineb raskusi ka igap\u00e4evastes olukordades; oskan m\u00f5ningaid lihtsamaid lauseid;\">2 - saan hakkama lihtsates igap\u00e4evastes olukordades; minu keeleoskus on piiratud, mist\u00f5ttu esineb raskusi ka igap\u00e4evastes olukordades; oskan m\u00f5ningaid lihtsamaid lauseid;<\/option><option value=\"3 - saan tavaolukordades hakkama, kuid uudne situatsioon v\u00f5ib tekitada suhtlemisraskusi; minu s\u00f5navara on piiratud;\">3 - saan tavaolukordades hakkama, kuid uudne situatsioon v\u00f5ib tekitada suhtlemisraskusi; minu s\u00f5navara on piiratud;<\/option><option value=\"4 - saan hakkama tuttavates olukordades, ent tihti esineb raskusi enda v\u00e4ljendamisel; minu s\u00f5navara ja grammatikakasutus pole ladus;\">4 - saan hakkama tuttavates olukordades, ent tihti esineb raskusi enda v\u00e4ljendamisel; minu s\u00f5navara ja grammatikakasutus pole ladus;<\/option><option value=\"5 - saan hakkama tuttavates olukordades; m\u00f5nikord teen vigu, ent need ei sega suhtlemist;\">5 - saan hakkama tuttavates olukordades; m\u00f5nikord teen vigu, ent need ei sega suhtlemist;<\/option><option value=\"6 - suhtlen \u00fcsna h\u00e4sti; raskemates (uutes) olukordades teen vigu ja s\u00f5navara napib;\">6 - suhtlen \u00fcsna h\u00e4sti; raskemates (uutes) olukordades teen vigu ja s\u00f5navara napib;<\/option><option value=\"7 - saan hakkama ka raskemates olukordades; minu keelekasutus on mitmek\u00fclgne ja ladus; vahest harva esineb raskusi arusaamisel ja enda t\u00e4psel v\u00e4ljendamisel;\">7 - saan hakkama ka raskemates olukordades; minu keelekasutus on mitmek\u00fclgne ja ladus; vahest harva esineb raskusi arusaamisel ja enda t\u00e4psel v\u00e4ljendamisel;<\/option><option value=\"8 - valdan keelt vabalt, kuid vahel harva tekib raskusi stiililiste erinevuste ja idioomide t\u00e4psel m\u00f5istmisel;\">8 - valdan keelt vabalt, kuid vahel harva tekib raskusi stiililiste erinevuste ja idioomide t\u00e4psel m\u00f5istmisel;<\/option><\/select><\/span>\n\t\t\t\t<\/p>\n\t\t\t<\/div>\n\t\t<\/div>\n\t<\/div>\n\t<div class=\"row\">\n\t\t<div class=\"col-sm-12  single\">\n\t\t\t<p><label class=\"control-label\">Course objectives <span aria-hidden=\"true\" role=\"presentation\" class=\"field_required\" style=\"color:#ee0000;\">*<\/span><\/label><br \/>\n<span class=\"wpcf7-form-control-wrap\" data-name=\"course-objectives\"><textarea cols=\"40\" rows=\"10\" maxlength=\"2000\" class=\"wpcf7-form-control wpcf7-textarea wpcf7-validates-as-required\" aria-required=\"true\" aria-invalid=\"false\" name=\"course-objectives\"><\/textarea><\/span>\n\t\t\t<\/p>\n\t\t<\/div>\n\t\t<div class=\"col-sm-12  single\">\n\t\t\t<p><label class=\"control-label\">The most suitable time for classes: <span aria-hidden=\"true\" role=\"presentation\" class=\"field_required\" style=\"color:#ee0000;\">*<\/span><\/label><br \/>\n<span class=\"wpcf7-form-control-wrap\" data-name=\"aeg-klassideks\"><textarea cols=\"40\" rows=\"10\" maxlength=\"2000\" class=\"wpcf7-form-control wpcf7-textarea wpcf7-validates-as-required\" aria-required=\"true\" aria-invalid=\"false\" name=\"aeg-klassideks\"><\/textarea><\/span>\n\t\t\t<\/p>\n\t\t<\/div>\n\t<\/div>\n\t<div class=\"row last_row\">\n\t\t<div class=\"col-sm-12  single\">\n\t\t\t<div class=\"\">\n\t\t\t\t<p><a href=\"\/en\/standard-terms-and-conditions-of-the-training\/\" target=\"_blank\" rel=\"noopener\">I am examining the Standard Terms and Conditions of the Multilingua Training Agreement<\/a>\n\t\t\t\t<\/p>\n\t\t\t<\/div>\n\t\t\t<div class=\"form-group\">\n\t\t\t\t<div class=\"checkbox\">\n\t\t\t\t\t<p><span class=\"wpcf7-form-control-wrap\" data-name=\"acceptance\"><span class=\"wpcf7-form-control wpcf7-acceptance optional\"><span class=\"wpcf7-list-item\"><label><input type=\"checkbox\" name=\"acceptance\" value=\"1\" class=\"checkbox\" aria-invalid=\"false\" \/><span class=\"wpcf7-list-item-label\">I would like to receive Multilingua news, offers and language advice by email.<\/span><\/label><\/span><\/span><\/span>\n\t\t\t\t\t<\/p>\n\t\t\t\t<\/div>\n\t\t\t\t<p><span class=\"help-block\">(we send out newsletters once a month, occasionally more often)<\/span>\n\t\t\t\t<\/p>\n\t\t\t<\/div>\n\t\t\t<div class=\"form-group\">\n\t\t\t\t<p><input class=\"wpcf7-form-control wpcf7-submit has-spinner\" type=\"submit\" value=\"Send\" \/>\n\t\t\t\t<\/p>\n\t\t\t<\/div>\n\t\t<\/div>\n\t<\/div>\n<\/div><input type='hidden' class='wpcf7-pum' value='{\"closepopup\":false,\"closedelay\":0,\"openpopup\":false,\"openpopup_id\":0}' \/><div class=\"wpcf7-response-output\" aria-hidden=\"true\"><\/div>\n<\/form>\n<\/div>\n\n<\/div><\/section><\/p><\/div>\n","protected":false},"excerpt":{"rendered":"<p>English Language Coaching<\/p>\n","protected":false},"author":4,"featured_media":0,"parent":7938,"menu_order":0,"comment_status":"closed","ping_status":"closed","template":"","meta":{"_acf_changed":false,"_price":"","_stock":"","_tribe_ticket_header":"","_tribe_default_ticket_provider":"Tribe__Tickets_Plus__Commerce__WooCommerce__Main","_tribe_ticket_capacity":"0","_ticket_start_date":"","_ticket_end_date":"","_tribe_ticket_show_description":"","_tribe_ticket_show_not_going":false,"_tribe_ticket_use_global_stock":"","_tribe_ticket_global_stock_level":"","_global_stock_mode":"","_global_stock_cap":"","_tribe_rsvp_for_event":"","_tribe_ticket_going_count":"","_tribe_ticket_not_going_count":"","_tribe_tickets_list":"[]","_tribe_ticket_has_attendee_info_fields":false,"footnotes":"","_tec_slr_enabled":"","_tec_slr_layout":""},"class_list":["post-8742","page","type-page","status-publish","hentry"],"acf":[],"ticketed":false,"_links":{"self":[{"href":"https:\/\/multilingua.ee\/en\/wp-json\/wp\/v2\/pages\/8742","targetHints":{"allow":["GET"]}}],"collection":[{"href":"https:\/\/multilingua.ee\/en\/wp-json\/wp\/v2\/pages"}],"about":[{"href":"https:\/\/multilingua.ee\/en\/wp-json\/wp\/v2\/types\/page"}],"author":[{"embeddable":true,"href":"https:\/\/multilingua.ee\/en\/wp-json\/wp\/v2\/users\/4"}],"replies":[{"embeddable":true,"href":"https:\/\/multilingua.ee\/en\/wp-json\/wp\/v2\/comments?post=8742"}],"version-history":[{"count":14,"href":"https:\/\/multilingua.ee\/en\/wp-json\/wp\/v2\/pages\/8742\/revisions"}],"predecessor-version":[{"id":83200,"href":"https:\/\/multilingua.ee\/en\/wp-json\/wp\/v2\/pages\/8742\/revisions\/83200"}],"up":[{"embeddable":true,"href":"https:\/\/multilingua.ee\/en\/wp-json\/wp\/v2\/pages\/7938"}],"wp:attachment":[{"href":"https:\/\/multilingua.ee\/en\/wp-json\/wp\/v2\/media?parent=8742"}],"curies":[{"name":"wp","href":"https:\/\/api.w.org\/{rel}","templated":true}]}}