{"id":87766,"date":"2025-11-12T14:45:10","date_gmt":"2025-11-12T12:45:10","guid":{"rendered":"https:\/\/multilingua.ee\/language-school\/about-the-language-school\/language-curriculas\/inglise-keel-reisimiseks\/"},"modified":"2025-12-08T16:44:03","modified_gmt":"2025-12-08T14:44:03","slug":"inglise-keel-reisimiseks","status":"publish","type":"page","link":"https:\/\/multilingua.ee\/en\/language-school\/about-the-language-school\/language-curriculas\/inglise-keel-reisimiseks\/","title":{"rendered":"Inglise keel reisimiseks"},"content":{"rendered":"\n<style type=\"text\/css\" data-created_by=\"avia_inline_auto\" id=\"style-css-av-d71db-3a14b7838875904957debab623a18a6c\">\n.avia-section.av-d71db-3a14b7838875904957debab623a18a6c{\nbackground-repeat:no-repeat;\nbackground-image:url(https:\/\/multilingua.ee\/wp-content\/uploads\/2018\/08\/rev-slider-1-thin-green.jpg);\nbackground-position:50% 50%;\nbackground-attachment:scroll;\n}\n<\/style>\n<div id='av_section_1'  class='avia-section av-d71db-3a14b7838875904957debab623a18a6c main_color avia-section-default avia-no-border-styling  avia-builder-el-0  el_before_av_section  avia-builder-el-first  avia-full-stretch avia-bg-style-scroll container_wrap fullsize'  data-section-bg-repeat='stretch'><div class='container av-section-cont-open' ><main  role=\"main\" itemprop=\"mainContentOfPage\"  class='template-page content  av-content-full alpha units'><div class='post-entry post-entry-type-page post-entry-87766'><div class='entry-content-wrapper clearfix'>\n\n<style type=\"text\/css\" data-created_by=\"avia_inline_auto\" id=\"style-css-av-jk0otud9-9d8982ff033ef860050715fc5649d80b\">\n#top .av-special-heading.av-jk0otud9-9d8982ff033ef860050715fc5649d80b{\npadding-bottom:10px;\ncolor:#ffffff;\n}\nbody .av-special-heading.av-jk0otud9-9d8982ff033ef860050715fc5649d80b .av-special-heading-tag .heading-char{\nfont-size:25px;\n}\n.av-special-heading.av-jk0otud9-9d8982ff033ef860050715fc5649d80b .special-heading-inner-border{\nborder-color:#ffffff;\n}\n.av-special-heading.av-jk0otud9-9d8982ff033ef860050715fc5649d80b .av-subheading{\nfont-size:15px;\n}\n<\/style>\n<div  class='av-special-heading av-jk0otud9-9d8982ff033ef860050715fc5649d80b av-special-heading-h1 custom-color-heading blockquote modern-quote modern-centered  avia-builder-el-1  avia-builder-el-no-sibling '><h1 class='av-special-heading-tag'  itemprop=\"headline\"  >Inglise keel reisimiseks<\/h1><div class=\"special-heading-border\"><div class=\"special-heading-inner-border\"><\/div><\/div><\/div>\n<\/div><\/div><\/main><!-- close content main element --><\/div><\/div><div id='fcr-kysipakkumist'  class='avia-section av-7l3b3-4c227468f0599b4dbde4365d98fa8225 main_color avia-section-default avia-no-border-styling  avia-builder-el-2  el_after_av_section  avia-builder-el-last  avia-bg-style-scroll av-minimum-height av-minimum-height-50 av-height-50  container_wrap fullsize'   data-av_minimum_height_pc='50' data-av_min_height_opt='50'><div class='container av-section-cont-open' ><div class='template-page content  av-content-full alpha units'><div class='post-entry post-entry-type-page post-entry-87766'><div class='entry-content-wrapper clearfix'>\n\n<style type=\"text\/css\" data-created_by=\"avia_inline_auto\" id=\"style-css-av-bedwd-1254b14e527d417d2f79a4285a904d3b\">\n.flex_column.av-bedwd-1254b14e527d417d2f79a4285a904d3b{\nborder-radius:0px 0px 0px 0px;\npadding:0px 0px 0px 0px;\n}\n<\/style>\n<div  class='flex_column av-bedwd-1254b14e527d417d2f79a4285a904d3b av_one_full  avia-builder-el-3  avia-builder-el-no-sibling  first flex_column_div av-zero-column-padding  '     ><section  class='av_textblock_section av-jj5i67od-c411422700b2a9f8a139f94d10613125 '   itemscope=\"itemscope\" itemtype=\"https:\/\/schema.org\/CreativeWork\" ><div class='avia_textblock'  itemprop=\"text\" ><ol>\n<li><strong>T\u00e4ienduskoolitusasutuse nimetus:<\/strong><\/li>\n<\/ol>\n<p>Multilingua Keelekeskus O\u00dc<\/p>\n<ol start=\"2\">\n<li><strong>\u00d5ppekava nimetus:<\/strong><\/li>\n<\/ol>\n<p>Inglise keel reisimiseks ja esmaseks suhtluseks A2-tasemel<\/p>\n<ol start=\"3\">\n<li><strong>\u00d5ppekavar\u00fchm:<\/strong><\/li>\n<\/ol>\n<p>\u201eKeele\u00f5pe\u201c.<\/p>\n<ol start=\"4\">\n<li><strong>\u00d5ppe kogumaht (akadeemilistes tundides):<\/strong><\/li>\n<\/ol>\n<p>40 akadeemilist tundi, millest 24 tundi on kontakt\u00f5pet ja 16 tundi iseseisvat t\u00f6\u00f6d.<\/p>\n<ol start=\"5\">\n<li><strong>\u00d5ppekava koostamise alus:<\/strong><\/li>\n<\/ol>\n<p>Euroopa keele\u00f5ppe raamdokument: \u00f5ppimine, \u00f5petamine ja hindamine<\/p>\n<p>\u201cEuroopa keele\u00f5ppe raamdokumendi s\u00f5sarv\u00e4ljaanne 2023\u201d<\/p>\n<ol start=\"6\">\n<li><strong>Sihtgrupp ja \u00f5ppe alustamise tingimused:<\/strong><\/li>\n<\/ol>\n<p>T\u00e4iskasvanud, kes on v\u00e4hesel m\u00e4\u00e4ral (A1-tasemel) \u00f5ppinud inglise keelt ja soovivad alustada inglise keele \u00f5pingutega reisimise eesm\u00e4rgil.<\/p>\n<ol start=\"7\">\n<li><strong>\u00d5ppe eesm\u00e4rk:<\/strong><\/li>\n<\/ol>\n<p>Omandada reisimiseks vajalik baaskeeleoskuse tase A2, mis v\u00f5imaldab toime tulla igap\u00e4evastes korduvates reisisuhtlusolukordades, mis n\u00f5uavad otsest, l\u00fchikest\u00a0 ja v\u00e4ga lihtsat infovahetust \u00f5pitud teemadel.<\/p>\n<ol start=\"8\">\n<li><strong>\u00d5piv\u00e4ljundid:<\/strong><\/li>\n<\/ol>\n<p>Koolituse l\u00f5puks \u00f5ppija:<\/p>\n<ul>\n<li>saab aru tuttavatest s\u00f5nadest ja fraasidest, mis on vahetult seotud igap\u00e4evaste reisisituatsioonidega (viisakusfraasid, hind, toit, transport), kui inimesed r\u00e4\u00e4givad v\u00e4ga aeglaselt ja selgelt ning on valmis kordama<\/li>\n<li>saab aru ja oskab leida infot v\u00e4ga l\u00fchikestest lihtsatest tekstidest (sildid, reklaamid,men\u00fc\u00fcd, s\u00f5iduplaanid)<\/li>\n<li>saab hakkama v\u00e4ga lihtsate t\u00fc\u00fcpiliste suhtlus\u00fclesannetega, oskab esitada k\u00fcsimusi hinna, men\u00fc\u00fc, transpordi, hotelli kohta<\/li>\n<li>oskab teha m\u00e4rkmeid.<\/li>\n<\/ul>\n<ol start=\"9\">\n<li><strong>\u00d5ppesisu teemavaldkondade kaupa:<\/strong><\/li>\n<\/ol>\n<ul>\n<li><strong>Tutvumine<\/strong>. Isikuandmed. Tervitused, tutvumine. Viisakusfraasid. Kust sa p\u00e4rit oled? T\u00e4hestik, inglise keele h\u00e4\u00e4ldus. Lihtsad k\u00fcsimused.<\/li>\n<\/ul>\n<ul>\n<li><strong>Numbrid. <\/strong>Kellaaeg, p\u00e4evad. Hinna k\u00fcsimine, maksmine. Transport, bussigraafik, takso tellimine, sadamas, lennujaamas. Kultuuriminutid: London.<\/li>\n<li><strong>S\u00f6\u00f6k ja jook<\/strong>. Toidukaupade ostmine. Kohvikus ja restoranis. Men\u00fc\u00fc m\u00f5istmine, tellimine. Kultuuriminutid: Inglise hommikus\u00f6\u00f6k.<\/li>\n<li><strong>Poes<\/strong>. Kingitused ja suveniirid. Postkaardi saatmine. Hind, info k\u00fcsimine. Lahtiolekuaeg. Kultuuriminutid: Suurbritannia.<\/li>\n<li><strong>Hotellis<\/strong>. Teenused hotellis. Info ja abi k\u00fcsimine. Kultuuriminutid: Kanada.<\/li>\n<li><strong>Ilm, rannas<\/strong>. Teenused rannas. Info, hind jne. Kultuuriminutid: USA.<\/li>\n<li><strong>Tervis, probleemid.<\/strong> Probleemi kirjeldamine, abi k\u00fcsimine. Kultuuriminutid: Austraalia.<\/li>\n<li><strong>Linnas<\/strong>. Kus asub? Transport. Vaatamisv\u00e4\u00e4rsused. Vaba aja veetmise kohad. Kultuuriminutid: Malta.<\/li>\n<\/ul>\n<p><strong>Grammatika teemad:<\/strong><\/p>\n<ul>\n<li>Inglise keele t\u00e4hestik<\/li>\n<li>H\u00e4\u00e4ldusreeglid<\/li>\n<li>Isikulised ases\u00f5nad<\/li>\n<li>P\u00f5hiarvs\u00f5nad<\/li>\n<li>K\u00fcsis\u00f5nad<\/li>\n<li>Lihtlaused<\/li>\n<\/ul>\n<ol start=\"10\">\n<li><strong>\u00d5ppemeetodid:<\/strong><\/li>\n<\/ol>\n<p>Rakendatakse paindlikku metoodilist k\u00e4sitlust, mis v\u00f5imaldab \u00f5pet kohandada \u00f5ppija vajadustele. Kasutatakse erinevaid aktiiv\u00f5ppe meetodeid sh rollim\u00e4ngud, \u00f5ppem\u00e4ngud, mida rakendatakse paaris-, v\u00e4ikegrupi- v\u00f5i r\u00fchmat\u00f6\u00f6s. T\u00f6\u00f6 autentsel\u00e4hedaste\u00a0 algmaterjalidega sh video vaatamine ja anal\u00fc\u00fcsimine, lugemis- kuulamis-\u00a0 ja t\u00f5lkeharjutused. Kasutatakse ka kommunikatsioonitehnoloogiatel p\u00f5hinevaid \u00f5pikeskkondi.<\/p>\n<ol start=\"11\">\n<li><strong>Iseseisev t\u00f6\u00f6:<\/strong><\/li>\n<\/ol>\n<p>Jooksvad iseseisvad t\u00f6\u00f6d koduseks lahendamiseks, s\u00f5navara \u00f5ppimine. Iseseisev \u00f5ppimine digikeskkonnas.<\/p>\n<ol start=\"12\">\n<li><strong>\u00d5ppekeskkonna kirjeldus:\u00a0<\/strong><\/li>\n<\/ol>\n<p>Multilingua Keelekeskuse \u00f5pperuumid asuvad Tallinnas aadressil Roosikrantsi 11, 2. korrus.<br \/>\n\u00d5ppet\u00f6\u00f6 l\u00e4biviimiseks on kohaldatud kaheksa ruumi, mis on sisustatud laudade ja toolidega. Iga \u00f5pperuum on varustatud digitaalse tahvli ja arvutiga, lisaks riiulitega \u00f5ppematerjalide tarbeks. Lisaks \u00f5pperuumidele on Multilingua Keelekeskuses avatud kontoriruum, kus asub kooli raamatukogu koos paljundusmasina ja printeriga, lisaks on \u00f5petajate t\u00f6\u00f6- ja puhkeruum, varustatud arvutite ja printeriga. Multilingua Keelekeskuse kasutuses olevad ruumid vastavad tervisekaitse- ja ohutusn\u00f5uetele. Ruumid on ligip\u00e4\u00e4setavad ratastooliga.<\/p>\n<p>Veebikursus toimub keskkonnas Zoom v\u00f5i Teams. Veebikursuse l\u00e4biviimiseks on tehnilistest vahenditest \u00f5petajal kasutada arvuti, k\u00f5rvaklapid, mikrofon ja veebikaamera. \u00d5ppijatel on vaja arvutit (sobib ka nutitelefon, tahvelarvuti) ja interneti\u00fchendust.<\/p>\n<ol start=\"13\">\n<li><strong>\u00d5ppematerjalide loend:<\/strong><\/li>\n<\/ol>\n<p>\u00d5petaja koostatud jaotusmaterjalid, \u00f5petaja valitud \u00f5ppevideod ja \u00fcks rakendus s\u00f5nade \u00f5ppimiseks.<\/p>\n<ol start=\"14\">\n<li><strong>N\u00f5uded \u00f5pingute l\u00f5petamiseks, sh hindamismeetodid ja hindamiskriteeriumid:<\/strong><\/li>\n<\/ol>\n<p>\u00d5pingute l\u00f5petamise eelduseks on osalemine v\u00e4hemalt 70% kontakttundides ja l\u00f5putesti sooritamine. Testi v\u00f5ib l\u00e4bi viia jooksvalt.<\/p>\n<p><strong>15.Hindamismeetod. Hindamiskriteeriumid:<\/strong><\/p>\n<ul>\n<li>Kuulamine \u2013saab aru tuttavatest s\u00f5nadest ja fraasidest, mis on vahetult seotud igap\u00e4evaste reisisituatsioonidega. L\u00f5putestis hindamiseks t\u00e4idetakse valikvastustega harjutus.<\/li>\n<li>Lugemine- saab aru ja oskab leida infot v\u00e4ga l\u00fchikestest lihtsatest tekstidest (sildid, reklaamid,men\u00fc\u00fcd, s\u00f5iduplaanid) L\u00f5putestis hindamiseks kontrollitakse tekstij\u00e4rgsete valikvastustega.<\/li>\n<li>R\u00e4\u00e4kimine \u2013 oskab vastata enda kohta esitatud k\u00fcsimustele. L\u00f5putestis hindamiseks vastab \u00f5petaja k\u00fcsimustele.<\/li>\n<li>Kirjutamine \u2013 oskab teha m\u00e4rkmeid. Hinnatakse jooksvalt kursuse v\u00e4ltel.<\/li>\n<\/ul>\n<ol start=\"16\">\n<li><strong>Kursuse l\u00e4bimisel v\u00e4ljastatav dokument (tunnistus v\u00f5i t\u00f5end):<\/strong><\/li>\n<\/ol>\n<p>Tunnistus kursuse l\u00e4bimise kohta v\u00e4ljastatakse, kui \u00f5pingute l\u00f5petamise n\u00f5uded on t\u00e4idetud st, et \u00f5ppija on osalenud v\u00e4hemalt 70% kontakttundides ja sooritanud l\u00f5putesti. Tunnistusel on kirjas \u00f5ppija nimi ja isikukood, l\u00e4bitud kursuse ja \u00f5ppekava nimetus, kursuse maht ehk akadeemiliste tundide arv, kursuse toimumise aeg, Multilingua Keelekeskuse registrikood ja registreerimisnumber EHIS-es, tegevusloa number ja kuup\u00e4ev. Tunnistus on allkirjastatud kursuse l\u00e4bi viinud \u00f5petaja v\u00f5i keelekeskuse esindaja poolt. Tunnistuse juurde kuulub lisa, kus on m\u00e4rgitud omandatud \u00f5piv\u00e4ljundid ja \u00f5piv\u00e4ljundite saavutatuse hindamise viisid.<\/p>\n<p>T\u00f5end kursusel osalemise kohta v\u00e4ljastatakse \u00f5ppija soovil ka siis, kui \u00f5pitulemusi ei saavutatud (l\u00f5putesti ei sooritatud), kuid \u00f5ppija v\u00f5ttis osa \u00f5ppet\u00f6\u00f6st. T\u00f5end v\u00e4ljastatakse vastavalt osaletud kontakttundide arvule, kuid mitte juhul, kui \u00f5ppija osales v\u00e4hem kui pooltes tundides. T\u00f5endi allkirjastab keelekeskuse esindaja.<\/p>\n<p>T\u00f5endeid ja tunnistusi v\u00f5ib v\u00e4ljastada kas paberkandjal v\u00f5i elektrooniliselt.<\/p>\n<ol start=\"17\">\n<li><strong>Koolitaja kompetentsust tagava kvalifikatsiooni v\u00f5i \u00f5pi- v\u00f5i t\u00f6\u00f6kogemuse kirjeldus:<\/strong><\/li>\n<\/ol>\n<p>Inglise keele kursusi l\u00e4bi viivad \u00f5petajad omavad k\u00f5ik \u00f5petaja kvalifikatsiooni ja\/v\u00f5i t\u00e4iskasvanutele inglise keele \u00f5petamise pikaajalist kogemust.<\/p>\n<ol start=\"18\">\n<li><strong>\u00d5ppekava kinnitamise aeg: <\/strong> november 2025<\/li>\n<\/ol>\n<\/div><\/section><\/div>\n<\/p>\n","protected":false},"excerpt":{"rendered":"","protected":false},"author":13,"featured_media":0,"parent":7951,"menu_order":0,"comment_status":"closed","ping_status":"closed","template":"","meta":{"_acf_changed":false,"_price":"","_stock":"","_tribe_ticket_header":"","_tribe_default_ticket_provider":"Tribe__Tickets_Plus__Commerce__WooCommerce__Main","_tribe_ticket_capacity":"0","_ticket_start_date":"","_ticket_end_date":"","_tribe_ticket_show_description":"","_tribe_ticket_show_not_going":false,"_tribe_ticket_use_global_stock":"","_tribe_ticket_global_stock_level":"","_global_stock_mode":"","_global_stock_cap":"","_tribe_rsvp_for_event":"","_tribe_ticket_going_count":"","_tribe_ticket_not_going_count":"","_tribe_tickets_list":"[]","_tribe_ticket_has_attendee_info_fields":false,"footnotes":"","_tec_slr_enabled":"","_tec_slr_layout":""},"class_list":["post-87766","page","type-page","status-publish","hentry"],"acf":[],"ticketed":false,"_links":{"self":[{"href":"https:\/\/multilingua.ee\/en\/wp-json\/wp\/v2\/pages\/87766","targetHints":{"allow":["GET"]}}],"collection":[{"href":"https:\/\/multilingua.ee\/en\/wp-json\/wp\/v2\/pages"}],"about":[{"href":"https:\/\/multilingua.ee\/en\/wp-json\/wp\/v2\/types\/page"}],"author":[{"embeddable":true,"href":"https:\/\/multilingua.ee\/en\/wp-json\/wp\/v2\/users\/13"}],"replies":[{"embeddable":true,"href":"https:\/\/multilingua.ee\/en\/wp-json\/wp\/v2\/comments?post=87766"}],"version-history":[{"count":2,"href":"https:\/\/multilingua.ee\/en\/wp-json\/wp\/v2\/pages\/87766\/revisions"}],"predecessor-version":[{"id":87768,"href":"https:\/\/multilingua.ee\/en\/wp-json\/wp\/v2\/pages\/87766\/revisions\/87768"}],"up":[{"embeddable":true,"href":"https:\/\/multilingua.ee\/en\/wp-json\/wp\/v2\/pages\/7951"}],"wp:attachment":[{"href":"https:\/\/multilingua.ee\/en\/wp-json\/wp\/v2\/media?parent=87766"}],"curies":[{"name":"wp","href":"https:\/\/api.w.org\/{rel}","templated":true}]}}