{"id":88319,"date":"2026-01-15T21:58:54","date_gmt":"2026-01-15T19:58:54","guid":{"rendered":"https:\/\/multilingua.ee\/language-school\/about-the-language-school\/language-curriculas\/inglise-keele-c1-oppekava\/"},"modified":"2026-01-16T10:02:50","modified_gmt":"2026-01-16T08:02:50","slug":"inglise-keele-c1-oppekava","status":"publish","type":"page","link":"https:\/\/multilingua.ee\/en\/language-school\/about-the-language-school\/language-curriculas\/inglise-keele-c1-oppekava\/","title":{"rendered":"T\u00f6\u00f6alase inglise keele C1 \u00f5ppekava"},"content":{"rendered":"\n<style type=\"text\/css\" data-created_by=\"avia_inline_auto\" id=\"style-css-av-d71db-3a14b7838875904957debab623a18a6c\">\n.avia-section.av-d71db-3a14b7838875904957debab623a18a6c{\nbackground-repeat:no-repeat;\nbackground-image:url(https:\/\/multilingua.ee\/wp-content\/uploads\/2018\/08\/rev-slider-1-thin-green.jpg);\nbackground-position:50% 50%;\nbackground-attachment:scroll;\n}\n<\/style>\n<div id='av_section_1'  class='avia-section av-d71db-3a14b7838875904957debab623a18a6c main_color avia-section-default avia-no-border-styling  avia-builder-el-0  el_before_av_section  avia-builder-el-first  avia-full-stretch avia-bg-style-scroll container_wrap fullsize'  data-section-bg-repeat='stretch'><div class='container av-section-cont-open' ><main  role=\"main\" itemprop=\"mainContentOfPage\"  class='template-page content  av-content-full alpha units'><div class='post-entry post-entry-type-page post-entry-88319'><div class='entry-content-wrapper clearfix'>\n\n<style type=\"text\/css\" data-created_by=\"avia_inline_auto\" id=\"style-css-av-jjzor5o5-5e4fb8ca0ef2088acbcf45c2e1152b48\">\n#top .av-special-heading.av-jjzor5o5-5e4fb8ca0ef2088acbcf45c2e1152b48{\npadding-bottom:10px;\ncolor:#ffffff;\n}\nbody .av-special-heading.av-jjzor5o5-5e4fb8ca0ef2088acbcf45c2e1152b48 .av-special-heading-tag .heading-char{\nfont-size:25px;\n}\n.av-special-heading.av-jjzor5o5-5e4fb8ca0ef2088acbcf45c2e1152b48 .special-heading-inner-border{\nborder-color:#ffffff;\n}\n.av-special-heading.av-jjzor5o5-5e4fb8ca0ef2088acbcf45c2e1152b48 .av-subheading{\nfont-size:15px;\n}\n<\/style>\n<div  class='av-special-heading av-jjzor5o5-5e4fb8ca0ef2088acbcf45c2e1152b48 av-special-heading-h1 custom-color-heading blockquote modern-quote modern-centered  avia-builder-el-1  avia-builder-el-no-sibling '><h1 class='av-special-heading-tag'  itemprop=\"headline\"  >T\u00f6\u00f6alase inglise keele C1 \u00f5ppekava<\/h1><div class=\"special-heading-border\"><div class=\"special-heading-inner-border\"><\/div><\/div><\/div>\n\n<\/div><\/div><\/main><!-- close content main element --><\/div><\/div><div id='fcr-kysipakkumist'  class='avia-section av-7l3b3-4c227468f0599b4dbde4365d98fa8225 main_color avia-section-default avia-no-border-styling  avia-builder-el-2  el_after_av_section  avia-builder-el-last  avia-bg-style-scroll av-minimum-height av-minimum-height-50 av-height-50  container_wrap fullsize'   data-av_minimum_height_pc='50' data-av_min_height_opt='50'><div class='container av-section-cont-open' ><div class='template-page content  av-content-full alpha units'><div class='post-entry post-entry-type-page post-entry-88319'><div class='entry-content-wrapper clearfix'>\n\n<style type=\"text\/css\" data-created_by=\"avia_inline_auto\" id=\"style-css-av-bedwd-1254b14e527d417d2f79a4285a904d3b\">\n.flex_column.av-bedwd-1254b14e527d417d2f79a4285a904d3b{\nborder-radius:0px 0px 0px 0px;\npadding:0px 0px 0px 0px;\n}\n<\/style>\n<div  class='flex_column av-bedwd-1254b14e527d417d2f79a4285a904d3b av_one_full  avia-builder-el-3  avia-builder-el-no-sibling  first flex_column_div av-zero-column-padding  '     ><section  class='av_textblock_section av-jj5i67od-c411422700b2a9f8a139f94d10613125 '   itemscope=\"itemscope\" itemtype=\"https:\/\/schema.org\/CreativeWork\" ><div class='avia_textblock'  itemprop=\"text\" ><p><strong>1. T\u00e4ienduskoolitusasutuse nimetus:<\/strong><br \/>\nMultilingua Keelekeskus O\u00dc<br \/>\n<strong>2. \u00d5ppekava nimetus:<\/strong><br \/>\nT\u00f6\u00f6alane inglise keel C1-tasemele<br \/>\n<strong>3. \u00d5ppekavar\u00fchm \u201eV\u00f5\u00f5rkeeled ja -kultuurid\u201c<\/strong><br \/>\n\u201dKeele\u00f5pe\u201d.<br \/>\n<strong>4. \u00d5ppe kogumaht (akadeemilistes tundides):<\/strong><br \/>\nC1-taseme t\u00f6\u00f6alase inglise keele kursuse kogumaht on 70 akadeemilist tundi, millest 42 tundi on kontakt\u00f5pet ja 28 tundi iseseisvat t\u00f6\u00f6d. \u00d5pe koosneb 14 \u00f5ppen\u00e4dalast, iga n\u00e4dala \u00f5ppemaht on 3 auditoorset ja 2 iseseisva t\u00f6\u00f6 tundi. Kursuse kontakt\u00f5pe toimub kas auditoorse \u00f5ppe v\u00f5i veebi\u00f5ppena.<br \/>\n<strong>5. \u00d5ppekava koostamise alus:<\/strong><br \/>\n\u201cEuroopa keele\u00f5ppe raamdokument: \u00f5ppimine, \u00f5petamine ja hindamine\u201d \u201cEuroopa keele\u00f5ppe raamdokumendi s\u00f5sarv\u00e4ljaanne 2023\u201d<br \/>\n6. Sihtgrupp ja \u00f5ppe alustamise tingimused:<br \/>\nT\u00e4iskasvanud, kes on l\u00f5petanud inglise keele B2 taseme keelekursuse mahus v\u00e4hemalt 120 kontakttundi v\u00f5i on sooritanud B2 taseme eksami v\u00f5i on sooritanud Multilingua kodulehel oleva testi tasemel B2 ja soovivad ennast t\u00e4iendada C1 taseme t\u00f6\u00f6alase inglise keele valdkonnas.<br \/>\n<strong>7. \u00d5ppe eesm\u00e4rk:<\/strong><br \/>\nOmandada t\u00f6\u00f6alase inglise keele oskuse tase C1 \u2013 vilunud keelekasutaja \u00f5pitud teemade raames.<br \/>\n<strong>8. \u00d5piv\u00e4ljundid:<\/strong><br \/>\nKursuse l\u00f5puks \u00f5ppija:<br \/>\n\u2022 saab aru pikematest tekstidest ja kaudselt esitatud seostest, saab aru teleprogrammidest ja filmidest, suudab m\u00f5ista idiomaatilisi ja argiv\u00e4ljundeid<br \/>\n\u2022 saab \u00f5pitud teemade raames aru pikematest ja keerulistest tekstidest ning erialastest artiklitest vajades v\u00f5imalust teksti korduvalt lugeda<br \/>\n\u2022 v\u00e4ljendab end ladusalt, avaldab oma m\u00f5tteid ja arvamusi, arendab vestluses teemat, teeb kokkuv\u00f5tteid, kasutab keelt paindlikult ja tulemuslikult<br \/>\nkirjutab \u00f5pitud teemadel selge, liigendatud teksti, p\u00f5hjendab oma arvamust, t\u00f5stab esile t\u00f5sta olulisemat, vajadusel kohendab oma stiili, oskab kirjutada erinevaid ametikirju \u00f5pitud teemade raames.<br \/>\n<strong>9. \u00d5ppesisu teemavaldkondade kaupa:<\/strong><br \/>\n\u2022 Environment and mental wellbeing Mindfulness at work (resilience, confidence). Mental health. Work environment. Flexible working (work-life balance, remote work etc.)<br \/>\n\u2022 Meetings and presentations. Politeness phrases and expressions. Work meetings (expressing views, making proposals, argumentations). Presentations. Negotiations. Managing conflicts, competition etc.<br \/>\n\u2022 Global issues. Cultural differences. Collaboration and building bridges.<br \/>\n\u2022 Artificial Intelligence AI as a language learning partner. Forming questions. How to benefit from using AI.<br \/>\n\u2022 Open topic Will be added at the learners\u2019 choice<br \/>\nLisaks v\u00f5idakse kursuse jooksul vajadusel ja valikuliselt l\u00e4bivate teemadena k\u00e4sitleda ka teisi C1-taseme teemasid.<br \/>\n<strong>Grammatika<\/strong><br \/>\n\u00b7 The tense system<br \/>\n\u00b7 Contrasting ideas<br \/>\n\u00b7 Expressing quantity<br \/>\n\u00b7 Countable and uncountable nouns<br \/>\n\u00b7 Relative clauses<br \/>\n\u00b7 Verb patterns<br \/>\n\u00b7 Reduced infinitives<br \/>\n\u00b7 Modal auxiliary verbs<br \/>\n\u00b7 Noun phrases<br \/>\n\u00b7 Questions<br \/>\n\u00b7 Articles<br \/>\n\u00b7 Ellipsis<br \/>\n\u00b7 Mixed conditionals<br \/>\n\u00b7 Prepositions of place\/time<br \/>\n\u00b7 Patterns with reporting verbs<br \/>\n\u00b7 Phrasal verbs and word order<br \/>\n\u00b7 Emphases: cleft sentences and inversion<br \/>\n<strong>10. \u00d5ppemeetodid:<\/strong><br \/>\nRakendatakse paindlikku metoodilist k\u00e4sitlust, mis v\u00f5imaldab \u00f5pet kohandada \u00f5ppija vajadustele. Kasutatakse erinevaid aktiiv\u00f5ppe meetodeid sh rollim\u00e4ngud, simulatsioonid, \u00f5ppem\u00e4ngud, mida rakendatakse paaris-, v\u00e4ikegrupi- v\u00f5i r\u00fchmat\u00f6\u00f6s. T\u00f6\u00f6 autentsete algmaterjalidega sh video vaatamine ja anal\u00fc\u00fcsimine, lugemis- kuulamis-, kirjutamis- ja t\u00f5lkeharjutused. Kasutatakse ka kommunikatsioonitehnoloogiatel p\u00f5hinevaid \u00f5pikeskkondi<br \/>\n<strong>11. Iseseisev t\u00f6\u00f6:<\/strong><br \/>\nJooksvad iseseisvad t\u00f6\u00f6d koduseks lahendamiseks, s\u00f5navara \u00f5ppimine, praktiseerimine keelekeskkonnas. Iseseisev \u00f5ppimine digikeskkonnas.<br \/>\n<strong>12. \u00d5ppekeskkonna kirjeldus:<\/strong><br \/>\nKursuste \u00f5ppet\u00f6\u00f6 toimub kontakt\u00f5ppena kas auditoorse \u00f5ppena v\u00f5i veebi\u00f5ppena reaalajas.<br \/>\nAuditoorsed tunnid toimuvad Multilingua Keelekeskuse \u00f5pperuumides, mis asuvad Tallinnas aadressil Roosikrantsi 11, 2. korrus. \u00d5ppet\u00f6\u00f6 l\u00e4biviimiseks on kohaldatud kaheksa ruumi, mis on sisustatud laudade ja toolidega. Iga \u00f5pperuum on varustatud arvuti ja digitaalse tahvliga, lisaks riiulitega \u00f5ppematerjalide tarbeks. Lisaks \u00f5pperuumidele on Multilingua Keelekeskuses avatud kontoriruum, kus asub kooli raamatukogu koos paljundusmasina ja printeriga, samuti \u00f5petajate t\u00f6\u00f6- ja puhkeruum, mis on varustatud arvutite ja printeriga. Multilingua Keelekeskuse kasutuses olevad ruumid vastavad tervisekaitse- ja ohutusn\u00f5uetele. Ruumid on ligip\u00e4\u00e4setavad ratastooliga.<br \/>\nVeebikursus toimub reaalajas Zoomi v\u00f5i Microsoft Teamsi keskkonnas. Veebikursuse l\u00e4biviimiseks on tehnilistest vahenditest \u00f5petajal kasutada arvuti, k\u00f5rvaklapid, mikrofon ja veebikaamera. \u00d5ppijatel on vaja arvutit (sobib ka nutitelefon, tahvelarvuti) ja interneti\u00fchendust.<br \/>\n<strong>13. \u00d5ppematerjalide loend:<\/strong><br \/>\nPeter May, Compact, advanced, Cambridge University Press<br \/>\nMartin Hewings Advanced Grammar in Use Cambridge University Press<br \/>\nMichael McCarthy and Felicity O\u2019Dell English Vocabulary in Use upper-intermediate &amp; advanced Cambridge University Press<br \/>\nBritish Council Learn English website<br \/>\nPerfectly Spoken<br \/>\nTED Talks<br \/>\n<strong>14. N\u00f5uded \u00f5pingute l\u00f5petamiseks, sh hindamismeetodid ja hindamiskriteeriumid:<\/strong><br \/>\n\u00d5pingute l\u00f5petamise eelduseks on osalemine 70% kontakttundides.<br \/>\nKursusel tuleb jooksvalt sooritada koolitusfirmasisene l\u00f5putest, mis h\u00f5lmab kirjutamist, kuulamist, lugemist ja r\u00e4\u00e4kimist vastavalt l\u00e4bitud teemadele.<br \/>\n<strong>15. Hindamismeetod. Hindamiskriteeriumid:<\/strong><br \/>\nKuulamine \u2013 saab aru pikematest tekstidest ja kaudselt esitatud seostest, saab aru teleprogrammidest ja filmidest, suudab m\u00f5ista idiomaatilisi ja argiv\u00e4ljundeid.<br \/>\nL\u00f5putestis hindamiseks kuulatakse teleuudist ja vastatakse valikvastusega k\u00fcsimustele p\u00f5hisisu kohta.<br \/>\n\u2022 Lugemine \u2013 saab \u00f5pitud teemade raames aru pikematest ja keerulistest tekstidest ning erialastest artiklitest vajades v\u00f5imalust teksti korduvalt lugeda. L\u00f5putestis hindamiseks kontrollitakse ajaleheartiklist arusaamist valikvastustega harjutusega v\u00f5i tekstij\u00e4rgsete k\u00fcsimustega.<br \/>\n\u2022 R\u00e4\u00e4kimine \u2013 v\u00e4ljendab end ladusalt, avaldab oma m\u00f5tteid ja arvamusi, arendab vestluses teemat, teeb kokkuv\u00f5tteid, kasutab keelt paindlikult ja tulemuslikult. L\u00f5putesti suulises osas esineb t\u00f6\u00f6teemalise l\u00fchiettekande, s\u00f5nav\u00f5tu v\u00f5i esitlusega.<br \/>\n\u2022 Kirjutamine \u2013 kirjutab \u00f5pitud teemadel selge, liigendatud teksti, p\u00f5hjendab oma arvamust, t\u00f5stab esile t\u00f5sta olulisemat, vajadusel kohendab oma stiili, oskab kirjutada erinevaid ametikirju \u00f5pitud teemade raames. L\u00f5putestis koostab ettekande v\u00f5i kokkuv\u00f5tte, kus muuhulgas kommenteerib ja p\u00f5hjendab oma seisukohti, kasutab k\u00fcllalt korrektset grammatikat.<br \/>\n\u00d5piv\u00e4ljundite saavutamist kontrollitakse jooksvalt iga teema l\u00f5pus.<br \/>\n<strong>16. Kursuse l\u00e4bimisel v\u00e4ljastatav dokument (tunnistus v\u00f5i t\u00f5end):<\/strong><br \/>\nTunnistus kursuse l\u00e4bimise kohta v\u00e4ljastatakse, kui \u00f5pingute l\u00f5petamise n\u00f5uded on t\u00e4idetud st, et \u00f5ppija on osalenud v\u00e4hemalt 70% kontakttundides ja sooritanud l\u00f5putesti. Tunnistusel on kirjas \u00f5ppija nimi ja isikukood, l\u00e4bitud kursuse ja \u00f5ppekava nimetus, kursuse maht ehk akadeemiliste tundide arv, kursuse toimumise aeg, Multilingua Keelekeskuse registrikood ja registreerimisnumber EHIS-es, tegevusloa number ja kuup\u00e4ev. Tunnistus on allkirjastatud kursuse l\u00e4bi viinud \u00f5petaja v\u00f5i keelekeskuse esindaja poolt. Tunnistuse juurde kuulub lisa, kus on m\u00e4rgitud omandatud \u00f5piv\u00e4ljundid ja \u00f5piv\u00e4ljundite saavutatuse hindamise viisid.<br \/>\nT\u00f5end kursusel osalemise kohta v\u00e4ljastatakse \u00f5ppija soovil ka siis, kui \u00f5pitulemusi ei saavutatud (l\u00f5putesti ei sooritatud), kuid \u00f5ppija v\u00f5ttis osa \u00f5ppet\u00f6\u00f6st. T\u00f5end v\u00e4ljastatakse vastavalt osaletud kontakttundide arvule, kuid mitte juhul, kui \u00f5ppija osales v\u00e4hem kui pooltes tundides. T\u00f5endi allkirjastab keelekeskuse esindaja.<br \/>\nTunnistusi ja t\u00f5endeid v\u00e4ljastatakse elektrooniliselt, \u00f5ppija soovil ka paberkandjal.<br \/>\n<strong>17. Koolitaja kompetentsust tagava kvalifikatsiooni v\u00f5i \u00f5pi- v\u00f5i t\u00f6\u00f6kogemuse kirjeldus:<\/strong><br \/>\nInglise keele kursusi l\u00e4bi viivad \u00f5petajad omavad k\u00f5ik \u00f5petaja kvalifikatsiooni ja\/v\u00f5i t\u00e4iskasvanutele inglise keele \u00f5petamise pikaajalist kogemust.<br \/>\n<strong>18. \u00d5ppekava kinnitamise aeg: 6. jaanuar 2026<\/strong><\/p>\n<\/div><\/section><\/div>\n","protected":false},"excerpt":{"rendered":"","protected":false},"author":13,"featured_media":0,"parent":7951,"menu_order":0,"comment_status":"closed","ping_status":"closed","template":"","meta":{"_acf_changed":false,"_price":"","_stock":"","_tribe_ticket_header":"","_tribe_default_ticket_provider":"Tribe__Tickets_Plus__Commerce__WooCommerce__Main","_tribe_ticket_capacity":"0","_ticket_start_date":"","_ticket_end_date":"","_tribe_ticket_show_description":"","_tribe_ticket_show_not_going":false,"_tribe_ticket_use_global_stock":"","_tribe_ticket_global_stock_level":"","_global_stock_mode":"","_global_stock_cap":"","_tribe_rsvp_for_event":"","_tribe_ticket_going_count":"","_tribe_ticket_not_going_count":"","_tribe_tickets_list":"[]","_tribe_ticket_has_attendee_info_fields":false,"footnotes":"","_tec_slr_enabled":"","_tec_slr_layout":""},"class_list":["post-88319","page","type-page","status-publish","hentry"],"acf":[],"ticketed":false,"_links":{"self":[{"href":"https:\/\/multilingua.ee\/en\/wp-json\/wp\/v2\/pages\/88319","targetHints":{"allow":["GET"]}}],"collection":[{"href":"https:\/\/multilingua.ee\/en\/wp-json\/wp\/v2\/pages"}],"about":[{"href":"https:\/\/multilingua.ee\/en\/wp-json\/wp\/v2\/types\/page"}],"author":[{"embeddable":true,"href":"https:\/\/multilingua.ee\/en\/wp-json\/wp\/v2\/users\/13"}],"replies":[{"embeddable":true,"href":"https:\/\/multilingua.ee\/en\/wp-json\/wp\/v2\/comments?post=88319"}],"version-history":[{"count":5,"href":"https:\/\/multilingua.ee\/en\/wp-json\/wp\/v2\/pages\/88319\/revisions"}],"predecessor-version":[{"id":88340,"href":"https:\/\/multilingua.ee\/en\/wp-json\/wp\/v2\/pages\/88319\/revisions\/88340"}],"up":[{"embeddable":true,"href":"https:\/\/multilingua.ee\/en\/wp-json\/wp\/v2\/pages\/7951"}],"wp:attachment":[{"href":"https:\/\/multilingua.ee\/en\/wp-json\/wp\/v2\/media?parent=88319"}],"curies":[{"name":"wp","href":"https:\/\/api.w.org\/{rel}","templated":true}]}}