{"id":7251,"date":"2018-09-25T17:17:14","date_gmt":"2018-09-25T14:17:14","guid":{"rendered":"https:\/\/multilingua.ee\/%d0%b1%d1%8e%d1%80%d0%be-%d0%bf%d0%b5%d1%80%d0%b5%d0%b2%d0%be%d0%b4%d0%be%d0%b2\/%d0%ba%d0%be%d0%bd%d1%82%d0%b0%d0%ba%d1%82%d0%bd%d1%8b%d0%b5-%d0%b4%d0%b0%d0%bd%d0%bd%d1%8b%d0%b5\/"},"modified":"2025-12-09T14:34:18","modified_gmt":"2025-12-09T12:34:18","slug":"kontaktnye-dannye","status":"publish","type":"page","link":"https:\/\/multilingua.ee\/ru\/byuro-perevodov\/kontaktnye-dannye\/","title":{"rendered":"\u041a\u043e\u043d\u0442\u0430\u043a\u0442\u043d\u044b\u0435 \u0434\u0430\u043d\u043d\u044b\u0435"},"content":{"rendered":"\n<style type=\"text\/css\" data-created_by=\"avia_inline_auto\" id=\"style-css-av-kvtn39cz-476329f0e738ef69d33ee10fd9033fbd\">\n.avia-section.av-kvtn39cz-476329f0e738ef69d33ee10fd9033fbd{\nbackground-color:#C1DEEA;\nbackground-image:unset;\n}\n<\/style>\n<div id='av_section_1'  class='avia-section av-kvtn39cz-476329f0e738ef69d33ee10fd9033fbd main_color avia-section-default avia-no-border-styling  avia-builder-el-0  el_before_av_layout_row  avia-builder-el-first  avia-bg-style-scroll av-minimum-height av-minimum-height-custom av-height-custom  container_wrap fullsize'   data-av_minimum_height_px='200'><div class='container av-section-cont-open' style='height:200px'><main  role=\"main\" itemprop=\"mainContentOfPage\"  class='template-page content  av-content-full alpha units'><div class='post-entry post-entry-type-page post-entry-7251'><div class='entry-content-wrapper clearfix'>\n<\/div><\/div><\/main><!-- close content main element --><\/div><\/div><div id='kontakt'  class='av-layout-grid-container av-84yg63-2e61e7ce505ed16791fd6048d3dfe2a6 entry-content-wrapper main_color av-flex-cells  avia-builder-el-1  el_after_av_section  el_before_av_section  grid-row-not-first  container_wrap fullsize'  >\n\n<style type=\"text\/css\" data-created_by=\"avia_inline_auto\" id=\"style-css-av-7zs6x7-1107fda9b0b1bc97091e7f682ded2830\">\n.flex_cell.av-7zs6x7-1107fda9b0b1bc97091e7f682ded2830{\nvertical-align:top;\nheight:200px;\nmin-height:200px;\nbackground-color:#ffffff;\n}\n.responsive #top #wrap_all .flex_cell.av-7zs6x7-1107fda9b0b1bc97091e7f682ded2830{\npadding:60px 60px 60px 60px !important;\n}\n<\/style>\n<div class='flex_cell av-7zs6x7-1107fda9b0b1bc97091e7f682ded2830 av-gridrow-cell av_one_half no_margin  avia-builder-el-2  el_before_av_cell_one_half  avia-builder-el-first  fcr-content-wrap'  ><div class='flex_cell_inner'><p>\n<style type=\"text\/css\" data-created_by=\"avia_inline_auto\" id=\"style-css-av-7vkumb-c3216f23554fb67706d464f484577e78\">\n#top .flex_column.av-7vkumb-c3216f23554fb67706d464f484577e78{\nmargin-top:0px;\nmargin-bottom:0px;\n}\n.flex_column.av-7vkumb-c3216f23554fb67706d464f484577e78{\nborder-radius:0px 0px 0px 0px;\npadding:0px 0px 0px 0px;\n}\n.responsive #top #wrap_all .flex_column.av-7vkumb-c3216f23554fb67706d464f484577e78{\nmargin-top:0px;\nmargin-bottom:0px;\n}\n<\/style>\n<div  class='flex_column av-7vkumb-c3216f23554fb67706d464f484577e78 av_one_full  avia-builder-el-3  el_before_av_one_half  avia-builder-el-first  fcr-content top first no_margin flex_column_div av-zero-column-padding  '     ><style type=\"text\/css\" data-created_by=\"avia_inline_auto\" id=\"style-css-av-kfchdcr9-0c6a3797456345fc08d4ef6e45311481\">\n#top .av-special-heading.av-kfchdcr9-0c6a3797456345fc08d4ef6e45311481{\npadding-bottom:10px;\nfont-size:22px;\n}\nbody .av-special-heading.av-kfchdcr9-0c6a3797456345fc08d4ef6e45311481 .av-special-heading-tag .heading-char{\nfont-size:25px;\n}\n#top #wrap_all .av-special-heading.av-kfchdcr9-0c6a3797456345fc08d4ef6e45311481 .av-special-heading-tag{\nfont-size:22px;\n}\n.av-special-heading.av-kfchdcr9-0c6a3797456345fc08d4ef6e45311481 .av-subheading{\nfont-size:16px;\n}\n\n@media only screen and (min-width: 480px) and (max-width: 767px){ \n#top #wrap_all .av-special-heading.av-kfchdcr9-0c6a3797456345fc08d4ef6e45311481 .av-special-heading-tag{\nfont-size:0.8em;\n}\n}\n\n@media only screen and (max-width: 479px){ \n#top #wrap_all .av-special-heading.av-kfchdcr9-0c6a3797456345fc08d4ef6e45311481 .av-special-heading-tag{\nfont-size:0.8em;\n}\n}\n<\/style>\n<div  class='av-special-heading av-kfchdcr9-0c6a3797456345fc08d4ef6e45311481 av-special-heading-h2 blockquote modern-quote modern-centered  avia-builder-el-4  avia-builder-el-no-sibling  av-inherit-size'><h2 class='av-special-heading-tag'  itemprop=\"headline\"  >Multilingua T\u00f5lkeb\u00fcroo O\u00dc<\/h2><div class='av-subheading av-subheading_below'><p>Roosikrantsi 11, 10119 Tallinn<\/p>\n<\/div><div class=\"special-heading-border\"><div class=\"special-heading-inner-border\"><\/div><\/div><\/div><\/div><div class='flex_column_table av-7i2p2r-c9d5732e93333a0e0ea6356743cba2dc sc-av_one_half av-equal-height-column-flextable'>\n<style type=\"text\/css\" data-created_by=\"avia_inline_auto\" id=\"style-css-av-7i2p2r-c9d5732e93333a0e0ea6356743cba2dc\">\n#top .flex_column_table.av-equal-height-column-flextable.av-7i2p2r-c9d5732e93333a0e0ea6356743cba2dc{\nmargin-top:0px;\nmargin-bottom:0px;\n}\n.flex_column.av-7i2p2r-c9d5732e93333a0e0ea6356743cba2dc{\nborder-radius:0px 0px 0px 0px;\npadding:0px 0px 0px 0px;\n}\n<\/style>\n<div  class='flex_column av-7i2p2r-c9d5732e93333a0e0ea6356743cba2dc av_one_half  avia-builder-el-5  el_after_av_one_full  el_before_av_one_half  fcr-content first no_margin flex_column_table_cell av-equal-height-column av-align-middle av-zero-column-padding  column-top-margin'     ><section  class='av_textblock_section av-7e9cmr-e877623f2e8e54daf777090417f0d2f6 '   itemscope=\"itemscope\" itemtype=\"https:\/\/schema.org\/CreativeWork\" ><div class='avia_textblock'  itemprop=\"text\" ><p style=\"text-align: center;\"><a href=\"tel:+3726408544\">(+372) 640 8544<\/a><br \/>\n<a href=\"mailto:multilingua@multilingua.ee\">multilingua@multilingua.ee<\/a><\/p>\n<\/div><\/section><\/div>\n<style type=\"text\/css\" data-created_by=\"avia_inline_auto\" id=\"style-css-av-77vh63-439f0fd29dde32dd7a5d26974c9d3774\">\n#top .flex_column_table.av-equal-height-column-flextable.av-77vh63-439f0fd29dde32dd7a5d26974c9d3774{\nmargin-top:0px;\nmargin-bottom:0px;\n}\n.flex_column.av-77vh63-439f0fd29dde32dd7a5d26974c9d3774{\nborder-radius:0px 0px 0px 0px;\npadding:0px 0px 0px 0px;\n}\n<\/style>\n<div  class='flex_column av-77vh63-439f0fd29dde32dd7a5d26974c9d3774 av_one_half  avia-builder-el-7  el_after_av_one_half  avia-builder-el-last  fcr-content no_margin flex_column_table_cell av-equal-height-column av-align-middle av-zero-column-padding  column-top-margin'     ><section  class='av_textblock_section av-2iorf-d267d39f58efca4489909dee8ecc1555 '   itemscope=\"itemscope\" itemtype=\"https:\/\/schema.org\/CreativeWork\" ><div class='avia_textblock'  itemprop=\"text\" ><p style=\"text-align: center;\">\u0420\u0435\u0433\u0438\u0441\u0442\u0440\u0430\u0446\u0438\u043e\u043d\u043d\u044b\u0439 \u043a\u043e\u0434 10889019<\/p>\n<\/div><\/section><\/div><\/div><!--close column table wrapper. Autoclose: 1 --><\/p>\n<\/div><\/div>\n<style type=\"text\/css\" data-created_by=\"avia_inline_auto\" id=\"style-css-av-oupz7-90ce0eb8ec642c2ddaf380a6eb40a3c5\">\n.flex_cell.av-oupz7-90ce0eb8ec642c2ddaf380a6eb40a3c5{\nvertical-align:top;\nheight:200px;\nmin-height:200px;\n}\n.responsive #top #wrap_all .flex_cell.av-oupz7-90ce0eb8ec642c2ddaf380a6eb40a3c5{\npadding:30px 30px 30px 30px !important;\n}\n<\/style>\n<div class='flex_cell av-oupz7-90ce0eb8ec642c2ddaf380a6eb40a3c5 av-gridrow-cell av_one_half no_margin av-hide-on-mobile  avia-builder-el-9  el_after_av_cell_one_half  avia-builder-el-last '  ><div class='flex_cell_inner'><\/div><\/div>\n<\/div>\n<div id='fcr-kysipakkumist'  class='avia-section av-6rq2m3-b5a8f93cfce51e69dbed3bf36e2973c1 main_color avia-section-default avia-no-border-styling  avia-builder-el-10  el_after_av_layout_row  avia-builder-el-last  avia-bg-style-scroll container_wrap fullsize'  ><div class='container av-section-cont-open' ><div class='template-page content  av-content-full alpha units'><div class='post-entry post-entry-type-page post-entry-7251'><div class='entry-content-wrapper clearfix'>\n<div class='flex_column_table av-6i9piz-295d84a3c1cd4479b052ec6d0c4b6fd5 sc-av_one_half av-equal-height-column-flextable'>\n<style type=\"text\/css\" data-created_by=\"avia_inline_auto\" id=\"style-css-av-6i9piz-295d84a3c1cd4479b052ec6d0c4b6fd5\">\n.flex_column.av-6i9piz-295d84a3c1cd4479b052ec6d0c4b6fd5{\nborder-radius:0px 0px 0px 0px;\npadding:0px 0px 0px 15px;\n}\n<\/style>\n<div  class='flex_column av-6i9piz-295d84a3c1cd4479b052ec6d0c4b6fd5 av_one_half  avia-builder-el-11  el_before_av_one_fifth  avia-builder-el-first  first flex_column_table_cell av-equal-height-column av-align-top  '     ><section  class='av_textblock_section av-jibcts4c-cf7b0d6d12a101e50b7a8f3c67a5c703 '   itemscope=\"itemscope\" itemtype=\"https:\/\/schema.org\/CreativeWork\" ><div class='avia_textblock fcr-vorm'  itemprop=\"text\" >\n<div class=\"wpcf7 no-js\" id=\"wpcf7-f77183-o1\" lang=\"et\" dir=\"ltr\" data-wpcf7-id=\"77183\">\n<div class=\"screen-reader-response\"><p role=\"status\" aria-live=\"polite\" aria-atomic=\"true\"><\/p> <ul><\/ul><\/div>\n<form action=\"\/ru\/wp-json\/wp\/v2\/pages\/7251#wpcf7-f77183-o1\" method=\"post\" class=\"wpcf7-form init\" aria-label=\"Contact form\" enctype=\"multipart\/form-data\" novalidate=\"novalidate\" data-status=\"init\">\n<fieldset class=\"hidden-fields-container\"><input type=\"hidden\" name=\"_wpcf7\" value=\"77183\" \/><input type=\"hidden\" name=\"_wpcf7_version\" value=\"6.1.5\" \/><input type=\"hidden\" name=\"_wpcf7_locale\" value=\"et\" \/><input type=\"hidden\" name=\"_wpcf7_unit_tag\" value=\"wpcf7-f77183-o1\" \/><input type=\"hidden\" name=\"_wpcf7_container_post\" value=\"0\" \/><input type=\"hidden\" name=\"_wpcf7_posted_data_hash\" value=\"\" \/><input type=\"hidden\" name=\"_wpcf7_recaptcha_response\" value=\"\" \/>\n<\/fieldset>\n<div class=\"caldera-grid\">\n\t<div class=\"row\">\n\t\t<div class=\"col-sm-6  first_col\">\n\t\t\t<div class=\"form-group\">\n\t\t\t\t<p><label class=\"control-label\">\u041f\u0435\u0440\u0435\u0432\u043e\u0434 \u0441 ... (\u044f\u0437\u044b\u043a\u0430): <span aria-hidden=\"true\" role=\"presentation\" class=\"field_required\" style=\"color:#ee0000;\">*<\/span><\/label><br \/>\n<span class=\"wpcf7-form-control-wrap\" data-name=\"mis-keelest\"><input size=\"40\" maxlength=\"400\" class=\"wpcf7-form-control wpcf7-text wpcf7-validates-as-required\" aria-required=\"true\" aria-invalid=\"false\" value=\"\" type=\"text\" name=\"mis-keelest\" \/><\/span>\n\t\t\t\t<\/p>\n\t\t\t<\/div>\n\t\t<\/div>\n\t\t<div class=\"col-sm-6  last_col\">\n\t\t\t<div class=\"form-group\">\n\t\t\t\t<p><label class=\"control-label\">\u041f\u0435\u0440\u0435\u0432\u043e\u0434 \u043d\u0430 ... (\u044f\u0437\u044b\u043a): <span aria-hidden=\"true\" role=\"presentation\" class=\"field_required\" style=\"color:#ee0000;\">*<\/span><\/label><br \/>\n<span class=\"wpcf7-form-control-wrap\" data-name=\"mis-keelde\"><input size=\"40\" maxlength=\"400\" class=\"wpcf7-form-control wpcf7-text wpcf7-validates-as-required\" aria-required=\"true\" aria-invalid=\"false\" value=\"\" type=\"text\" name=\"mis-keelde\" \/><\/span>\n\t\t\t\t<\/p>\n\t\t\t<\/div>\n\t\t<\/div>\n\t\t<div class=\"col-sm-12  single\">\n\t\t\t<div class=\"form-group\">\n\t\t\t\t<p><label class=\"control-label\">\u0423\u0441\u043b\u0443\u0433\u0430<\/label><br \/>\n<span class=\"wpcf7-form-control-wrap\" data-name=\"milline-tlge\"><select class=\"wpcf7-form-control wpcf7-select\" aria-invalid=\"false\" name=\"milline-tlge\"><option value=\"\u041f\u0438\u0441\u044c\u043c\u0435\u043d\u043d\u044b\u0439 \u043f\u0435\u0440\u0435\u0432\u043e\u0434\">\u041f\u0438\u0441\u044c\u043c\u0435\u043d\u043d\u044b\u0439 \u043f\u0435\u0440\u0435\u0432\u043e\u0434<\/option><option value=\"\u0423\u0441\u0442\u043d\u044b\u0439 \u043f\u0435\u0440\u0435\u0432\u043e\u0434\">\u0423\u0441\u0442\u043d\u044b\u0439 \u043f\u0435\u0440\u0435\u0432\u043e\u0434<\/option><option value=\"\u0420\u0435\u0434\u0430\u043a\u0442\u0438\u0440\u043e\u0432\u0430\u043d\u0438\u0435 \u0442\u0435\u043a\u0441\u0442\u043e\u0432\">\u0420\u0435\u0434\u0430\u043a\u0442\u0438\u0440\u043e\u0432\u0430\u043d\u0438\u0435 \u0442\u0435\u043a\u0441\u0442\u043e\u0432<\/option><\/select><\/span>\n\t\t\t\t<\/p>\n\t\t\t<\/div>\n\t\t<\/div>\n\t<\/div>\n\t<div class=\"row\">\n\t\t<div class=\"col-sm-6  first_col\">\n\t\t\t<div class=\"form-group\">\n\t\t\t\t<p><label class=\"control-label\">\u0414\u043e\u0431\u0430\u0432\u0438\u0442\u044c \u0444\u0430\u0439\u043b<\/label><br \/>\n<span class=\"wpcf7-form-control-wrap\" data-name=\"file-1\"><input size=\"40\" class=\"wpcf7-form-control wpcf7-file\" accept=\".pdf,.jpg,.txt,.doc,.docx,.xls,.xlsx,.odt,.ods\" aria-invalid=\"false\" type=\"file\" name=\"file-1\" \/><\/span>\n\t\t\t\t<\/p>\n\t\t\t<\/div>\n\t\t<\/div>\n\t\t<div class=\"col-sm-6  last_col\">\n\t\t\t<div class=\"form-group\">\n\t\t\t\t<p><label class=\"control-label\">\u0414\u043e\u0431\u0430\u0432\u0438\u0442\u044c \u0444\u0430\u0439\u043b<\/label><br \/>\n<span class=\"wpcf7-form-control-wrap\" data-name=\"file-2\"><input size=\"40\" class=\"wpcf7-form-control wpcf7-file\" accept=\".pdf,.jpg,.txt,.doc,.docx,.xls,.xlsx,.odt,.ods\" aria-invalid=\"false\" type=\"file\" name=\"file-2\" \/><\/span>\n\t\t\t\t<\/p>\n\t\t\t<\/div>\n\t\t<\/div>\n\t\t<div class=\"col-sm-6  first_col\">\n\t\t\t<div class=\"form-group\">\n\t\t\t\t<p><label class=\"control-label\">\u0414\u043e\u0431\u0430\u0432\u0438\u0442\u044c \u0444\u0430\u0439\u043b<\/label><br \/>\n<span class=\"wpcf7-form-control-wrap\" data-name=\"file-3\"><input size=\"40\" class=\"wpcf7-form-control wpcf7-file\" accept=\".pdf,.jpg,.txt,.doc,.docx,.xls,.xlsx,.odt,.ods\" aria-invalid=\"false\" type=\"file\" name=\"file-3\" \/><\/span>\n\t\t\t\t<\/p>\n\t\t\t<\/div>\n\t\t<\/div>\n\t\t<div class=\"col-sm-6  last_col\">\n\t\t\t<div class=\"form-group\">\n\t\t\t\t<p><label class=\"control-label\">\u0414\u043e\u0431\u0430\u0432\u0438\u0442\u044c \u0444\u0430\u0439\u043b<\/label><br \/>\n<span class=\"wpcf7-form-control-wrap\" data-name=\"file-44\"><input size=\"40\" class=\"wpcf7-form-control wpcf7-file\" accept=\".pdf,.jpg,.txt,.doc,.docx,.xls,.xlsx,.odt,.ods\" aria-invalid=\"false\" type=\"file\" name=\"file-44\" \/><\/span>\n\t\t\t\t<\/p>\n\t\t\t<\/div>\n\t\t<\/div>\n\t<\/div>\n\t<div class=\"row\">\n\t\t<div class=\"col-sm-12  single\">\n\t\t\t<div class=\"form-group\">\n\t\t\t\t<p><label class=\"control-label\">\u0414\u043e\u043f\u043e\u043b\u043d\u0438\u0442\u0435\u043b\u044c\u043d\u0430\u044f \u0438\u043d\u0444\u043e\u0440\u043c\u0430\u0446\u0438\u044f \u043e \u043f\u0435\u0440\u0435\u0432\u043e\u0434\u0435:<\/label><br \/>\n<span class=\"wpcf7-form-control-wrap\" data-name=\"lisainfo\"><textarea cols=\"40\" rows=\"10\" maxlength=\"2000\" class=\"wpcf7-form-control wpcf7-textarea\" aria-invalid=\"false\" name=\"lisainfo\"><\/textarea><\/span>\n\t\t\t\t<\/p>\n\t\t\t<\/div>\n\t\t<\/div>\n\t<\/div>\n\t<div class=\"row\">\n\t\t<div class=\"col-sm-12  single\">\n\t\t<hr class=\"\" style=\"width: 100%\" \/>\n\t\t\t<div class=\"center-me\">\n\t\t\t\t<h3>\u0414\u0430\u043d\u043d\u044b\u0435 \u0437\u0430\u043a\u0430\u0437\u0447\u0438\u043a\u0430\n\t\t\t\t<\/h3>\n\t\t\t<\/div>\n\t\t<\/div>\n\t<\/div>\n\t<div class=\"row\">\n\t\t<div class=\"col-sm-6  first_col\">\n\t\t\t<div class=\"form-group\">\n\t\t\t\t<p><label class=\"control-label\">\u0418\u043c\u044f <span aria-hidden=\"true\" role=\"presentation\" class=\"field_required\" style=\"color:#ee0000;\">*<\/span><\/label><br \/>\n<span class=\"wpcf7-form-control-wrap\" data-name=\"nimi\"><input size=\"40\" maxlength=\"400\" class=\"wpcf7-form-control wpcf7-text wpcf7-validates-as-required\" aria-required=\"true\" aria-invalid=\"false\" value=\"\" type=\"text\" name=\"nimi\" \/><\/span>\n\t\t\t\t<\/p>\n\t\t\t<\/div>\n\t\t<\/div>\n\t\t<div class=\"col-sm-6  last_col\">\n\t\t\t<div class=\"form-group\">\n\t\t\t\t<p><label class=\"control-label\">\u042d\u043b\u0435\u043a\u0442\u0440\u043e\u043d\u043d\u0430\u044f \u043f\u043e\u0447\u0442\u0430 <span aria-hidden=\"true\" role=\"presentation\" class=\"field_required\" style=\"color:#ee0000;\">*<\/span><\/label><br \/>\n<span class=\"wpcf7-form-control-wrap\" data-name=\"email\"><input size=\"40\" maxlength=\"400\" class=\"wpcf7-form-control wpcf7-email wpcf7-validates-as-required wpcf7-text wpcf7-validates-as-email\" aria-required=\"true\" aria-invalid=\"false\" value=\"\" type=\"email\" name=\"email\" \/><\/span>\n\t\t\t\t<\/p>\n\t\t\t<\/div>\n\t\t<\/div>\n\t\t<div class=\"col-sm-12  single\">\n\t\t\t<div class=\"form-group\">\n\t\t\t\t<p><label class=\"control-label\">\u0422\u0435\u043b\u0435\u0444\u043e\u043d<\/label><br \/>\n<span class=\"wpcf7-form-control-wrap\" data-name=\"telefon\"><input size=\"40\" maxlength=\"400\" class=\"wpcf7-form-control wpcf7-tel wpcf7-text wpcf7-validates-as-tel\" aria-invalid=\"false\" value=\"\" type=\"tel\" name=\"telefon\" \/><\/span>\n\t\t\t\t<\/p>\n\t\t\t<\/div>\n\t\t<\/div>\n\t<\/div>\n\t<div class=\"row last_row\">\n\t\t<div class=\"col-sm-12  single\">\n\t\t\t<div class=\"form-group\">\n\t\t\t\t<div class=\"checkbox\">\n\t\t\t\t\t<p><span class=\"wpcf7-form-control-wrap\" data-name=\"acceptance\"><span class=\"wpcf7-form-control wpcf7-acceptance optional\"><span class=\"wpcf7-list-item\"><label><input type=\"checkbox\" name=\"acceptance\" value=\"1\" class=\"checkbox\" aria-invalid=\"false\" \/><span class=\"wpcf7-list-item-label\">\u0425\u043e\u0447\u0443 \u043f\u043e\u043b\u0443\u0447\u0430\u0442\u044c \u043f\u043e \u044d\u043b\u0435\u043a\u0442\u0440\u043e\u043d\u043d\u043e\u0439 \u043f\u043e\u0447\u0442\u0435 \u043d\u043e\u0432\u043e\u0441\u0442\u0438, \u043f\u0440\u0435\u0434\u043b\u043e\u0436\u0435\u043d\u0438\u044f \u0438 \u0446\u0435\u043d\u043d\u044b\u0435 \u0440\u0435\u043a\u043e\u043c\u0435\u043d\u0434\u0430\u0446\u0438\u0438 Multilingua.<\/span><\/label><\/span><\/span><\/span>\n\t\t\t\t\t<\/p>\n\t\t\t\t<\/div>\n\t\t\t\t<p><span class=\"help-block\">(\u043c\u044b \u0440\u0430\u0441\u0441\u044b\u043b\u0430\u0435\u043c \u0438\u043d\u0444\u043e\u0440\u043c\u0430\u0446\u0438\u043e\u043d\u043d\u044b\u0435 \u043f\u0438\u0441\u044c\u043c\u0430 \u0440\u0430\u0437 \u0432 \u043c\u0435\u0441\u044f\u0446, \u0438\u043d\u043e\u0433\u0434\u0430 \u0447\u0430\u0449\u0435)<\/span>\n\t\t\t\t<\/p>\n\t\t\t<\/div>\n\t\t\t<div class=\"form-group\">\n\t\t\t\t<div class=\"center-me\">\n\t\t\t\t\t<p><input class=\"wpcf7-form-control wpcf7-submit has-spinner center-me\" type=\"submit\" value=\"\u041e\u0442\u043f\u0440\u0430\u0432\u0438\u0442\u044c\" \/>\n\t\t\t\t\t<\/p>\n\t\t\t\t<\/div>\n\t\t\t<\/div>\n\t\t<\/div>\n\t<\/div>\n<\/div><input type='hidden' class='wpcf7-pum' value='{\"closepopup\":false,\"closedelay\":0,\"openpopup\":false,\"openpopup_id\":0}' \/><div class=\"wpcf7-response-output\" aria-hidden=\"true\"><\/div>\n<\/form>\n<\/div>\n\n<\/div><\/section><\/div><div class='av-flex-placeholder'><\/div>\n<style type=\"text\/css\" data-created_by=\"avia_inline_auto\" id=\"style-css-av-5kdqjn-67de12f05ab9e84959f5161b085a81a4\">\n.flex_column.av-5kdqjn-67de12f05ab9e84959f5161b085a81a4{\nborder-radius:0px 0px 0px 0px;\npadding:0px 0px 0px 0px;\n}\n<\/style>\n<div  class='flex_column av-5kdqjn-67de12f05ab9e84959f5161b085a81a4 av_one_fifth  avia-builder-el-13  el_after_av_one_half  el_before_av_one_fifth  flex_column_table_cell av-equal-height-column av-align-top av-zero-column-padding  '     ><section  class='avia-team-member av-5dsjyr-ef606f712995c674030954d728ba7e9a  avia-builder-el-14  avia-builder-el-no-sibling '  itemscope=\"itemscope\" itemtype=\"https:\/\/schema.org\/Person\" ><div class=\"team-img-container\"><img decoding=\"async\" class='wp-image-3899 avia-img-lazy-loading-not-3899 avia_image avia_image_team' src=\"https:\/\/multilingua.ee\/wp-content\/uploads\/2018\/08\/ellu_paales-214x300.jpg\" alt='Ellu Paales'  itemprop=\"image\"   height=\"300\" width=\"214\" srcset=\"https:\/\/multilingua.ee\/wp-content\/uploads\/2018\/08\/ellu_paales-214x300.jpg 214w, https:\/\/multilingua.ee\/wp-content\/uploads\/2018\/08\/ellu_paales.jpg 250w\" sizes=\"(max-width: 214px) 100vw, 214px\" \/><\/div><h3 class='team-member-name '  itemprop=\"name\" >Ellu Paales<\/h3><div class='team-member-job-title '  itemprop=\"jobTitle\" >\u041a\u043e\u043e\u0440\u0434\u0438\u043d\u0430\u0442\u043e\u0440 \u043f\u0435\u0440\u0435\u0432\u043e\u0434\u043e\u0432 <\/div><div class='team-member-description '  itemprop=\"description\" ><p><a href=\"tel:+3725114576\">(+372) 5114576<\/a><br \/>\n<a href=\"mailto:multilingua@multilingua.ee\">multilingua@multilingua.ee<\/a><\/p>\n<\/div><span class='hidden team-member-affiliation'  itemprop=\"affiliation\" >Multilingua Keelekeskus O\u00dc<\/span><\/section><\/div><div class='av-flex-placeholder'><\/div>\n<style type=\"text\/css\" data-created_by=\"avia_inline_auto\" id=\"style-css-av-572543-5138b0ef841f1f7108ba4f70264bcffb\">\n.flex_column.av-572543-5138b0ef841f1f7108ba4f70264bcffb{\nborder-radius:0px 0px 0px 0px;\npadding:0px 0px 0px 0px;\n}\n<\/style>\n<div  class='flex_column av-572543-5138b0ef841f1f7108ba4f70264bcffb av_one_fifth  avia-builder-el-15  el_after_av_one_fifth  avia-builder-el-last  flex_column_table_cell av-equal-height-column av-align-top av-zero-column-padding  '     ><section  class='avia-team-member av-53f8x7-af41575a6641c14f5827e5fb8a57534e  avia-builder-el-16  avia-builder-el-no-sibling '  itemscope=\"itemscope\" itemtype=\"https:\/\/schema.org\/Person\" ><div class=\"team-img-container\"><img decoding=\"async\" class='wp-image-3897 avia-img-lazy-loading-not-3897 avia_image avia_image_team' src=\"https:\/\/multilingua.ee\/wp-content\/uploads\/2018\/08\/anneli_agasild-214x300.jpg\" alt='Anneli Agasild'  itemprop=\"image\"   height=\"300\" width=\"214\" srcset=\"https:\/\/multilingua.ee\/wp-content\/uploads\/2018\/08\/anneli_agasild-214x300.jpg 214w, https:\/\/multilingua.ee\/wp-content\/uploads\/2018\/08\/anneli_agasild.jpg 250w\" sizes=\"(max-width: 214px) 100vw, 214px\" \/><\/div><h3 class='team-member-name '  itemprop=\"name\" >Anneli Agasild<\/h3><div class='team-member-job-title '  itemprop=\"jobTitle\" >\u041a\u043e\u043e\u0440\u0434\u0438\u043d\u0430\u0442\u043e\u0440 \u043f\u0435\u0440\u0435\u0432\u043e\u0434\u043e\u0432, \u043f\u0435\u0440\u0435\u0432\u043e\u0434\u0447\u0438\u043a (\u0430\u043d\u0433\u043b\u0438\u0439\u0441\u043a\u0438\u0439 \u044f\u0437\u044b\u043a) <\/div><div class='team-member-description '  itemprop=\"description\" ><p><a href=\"tel:+3725165336\">(+372) 5165336<\/a><br \/>\n<a href=\"mailto:multilingua@multilingua.ee\">multilingua@multilingua.ee<\/a><\/p>\n<\/div><span class='hidden team-member-affiliation'  itemprop=\"affiliation\" >Multilingua Keelekeskus O\u00dc<\/span><\/section><\/div><\/div><!--close column table wrapper. Autoclose: 1 -->\n","protected":false},"excerpt":{"rendered":"","protected":false},"author":4,"featured_media":0,"parent":7243,"menu_order":0,"comment_status":"closed","ping_status":"closed","template":"","meta":{"_acf_changed":false,"_price":"","_stock":"","_tribe_ticket_header":"","_tribe_default_ticket_provider":"Tribe__Tickets_Plus__Commerce__WooCommerce__Main","_tribe_ticket_capacity":"0","_ticket_start_date":"","_ticket_end_date":"","_tribe_ticket_show_description":"","_tribe_ticket_show_not_going":false,"_tribe_ticket_use_global_stock":"","_tribe_ticket_global_stock_level":"","_global_stock_mode":"","_global_stock_cap":"","_tribe_rsvp_for_event":"","_tribe_ticket_going_count":"","_tribe_ticket_not_going_count":"","_tribe_tickets_list":"[]","_tribe_ticket_has_attendee_info_fields":false,"footnotes":"","_tec_slr_enabled":"","_tec_slr_layout":""},"class_list":["post-7251","page","type-page","status-publish","hentry"],"acf":[],"ticketed":false,"_links":{"self":[{"href":"https:\/\/multilingua.ee\/ru\/wp-json\/wp\/v2\/pages\/7251","targetHints":{"allow":["GET"]}}],"collection":[{"href":"https:\/\/multilingua.ee\/ru\/wp-json\/wp\/v2\/pages"}],"about":[{"href":"https:\/\/multilingua.ee\/ru\/wp-json\/wp\/v2\/types\/page"}],"author":[{"embeddable":true,"href":"https:\/\/multilingua.ee\/ru\/wp-json\/wp\/v2\/users\/4"}],"replies":[{"embeddable":true,"href":"https:\/\/multilingua.ee\/ru\/wp-json\/wp\/v2\/comments?post=7251"}],"version-history":[{"count":13,"href":"https:\/\/multilingua.ee\/ru\/wp-json\/wp\/v2\/pages\/7251\/revisions"}],"predecessor-version":[{"id":87864,"href":"https:\/\/multilingua.ee\/ru\/wp-json\/wp\/v2\/pages\/7251\/revisions\/87864"}],"up":[{"embeddable":true,"href":"https:\/\/multilingua.ee\/ru\/wp-json\/wp\/v2\/pages\/7243"}],"wp:attachment":[{"href":"https:\/\/multilingua.ee\/ru\/wp-json\/wp\/v2\/media?parent=7251"}],"curies":[{"name":"wp","href":"https:\/\/api.w.org\/{rel}","templated":true}]}}