{"id":7905,"date":"2018-10-05T13:12:13","date_gmt":"2018-10-05T10:12:13","guid":{"rendered":"https:\/\/multilingua.ee\/keeltekoolist-ru\/"},"modified":"2022-10-11T20:12:15","modified_gmt":"2022-10-11T17:12:15","slug":"o-shkole-yazykov","status":"publish","type":"page","link":"https:\/\/multilingua.ee\/ru\/shkola-yazykov\/o-shkole-yazykov\/","title":{"rendered":"\u041e \u0448\u043a\u043e\u043b\u0435 \u044f\u0437\u044b\u043a\u043e\u0432"},"content":{"rendered":"\n<style type=\"text\/css\" data-created_by=\"avia_inline_auto\" id=\"style-css-av-d4kfr-b1e656f104ec17daccec9497197304fb\">\n.avia-section.av-d4kfr-b1e656f104ec17daccec9497197304fb{\nbackground-repeat:no-repeat;\nbackground-image:url(https:\/\/multilingua.ee\/wp-content\/uploads\/2018\/08\/rev-slider-1-thin-green.jpg);\nbackground-position:50% 50%;\nbackground-attachment:scroll;\n}\n<\/style>\n<div id='av_section_1'  class='avia-section av-d4kfr-b1e656f104ec17daccec9497197304fb main_color avia-section-default avia-no-border-styling  avia-builder-el-0  el_before_av_section  avia-builder-el-first  avia-full-stretch avia-bg-style-scroll container_wrap fullsize'  data-section-bg-repeat='stretch'><div class='container av-section-cont-open' ><main  role=\"main\" itemprop=\"mainContentOfPage\"  class='template-page content  av-content-full alpha units'><div class='post-entry post-entry-type-page post-entry-7905'><div class='entry-content-wrapper clearfix'>\n\n<style type=\"text\/css\" data-created_by=\"avia_inline_auto\" id=\"style-css-av-jo4eg87w-90833eb72e15cb78fbb315e54fde1aec\">\n#top .av-special-heading.av-jo4eg87w-90833eb72e15cb78fbb315e54fde1aec{\npadding-bottom:10px;\ncolor:#ffffff;\n}\nbody .av-special-heading.av-jo4eg87w-90833eb72e15cb78fbb315e54fde1aec .av-special-heading-tag .heading-char{\nfont-size:25px;\n}\n.av-special-heading.av-jo4eg87w-90833eb72e15cb78fbb315e54fde1aec .special-heading-inner-border{\nborder-color:#ffffff;\n}\n.av-special-heading.av-jo4eg87w-90833eb72e15cb78fbb315e54fde1aec .av-subheading{\nfont-size:15px;\n}\n<\/style>\n<div  class='av-special-heading av-jo4eg87w-90833eb72e15cb78fbb315e54fde1aec av-special-heading-h1 custom-color-heading blockquote modern-quote modern-centered  avia-builder-el-1  avia-builder-el-no-sibling '><h1 class='av-special-heading-tag'  itemprop=\"headline\"  >\u041e \u0448\u043a\u043e\u043b\u0435 \u044f\u0437\u044b\u043a\u043e\u0432<\/h1><div class=\"special-heading-border\"><div class=\"special-heading-inner-border\"><\/div><\/div><\/div>\n<\/div><\/div><\/main><!-- close content main element --><\/div><\/div><div id='av_section_2'  class='avia-section av-d4kfr-b4512091cc9df0cdc6dd4455c4503ce3 main_color avia-section-default avia-no-border-styling  avia-builder-el-2  el_after_av_section  avia-builder-el-last  avia-bg-style-scroll av-minimum-height av-minimum-height-50 av-height-50  container_wrap fullsize'   data-av_minimum_height_pc='50' data-av_min_height_opt='50'><div class='container av-section-cont-open' ><div class='template-page content  av-content-full alpha units'><div class='post-entry post-entry-type-page post-entry-7905'><div class='entry-content-wrapper clearfix'>\n\n<style type=\"text\/css\" data-created_by=\"avia_inline_auto\" id=\"style-css-av-kgo5j-e80fdbda3546d609fcb0f8f86a8603e8\">\n.flex_column.av-kgo5j-e80fdbda3546d609fcb0f8f86a8603e8{\nborder-radius:0px 0px 0px 0px;\npadding:0px 0px 0px 0px;\n}\n<\/style>\n<div  class='flex_column av-kgo5j-e80fdbda3546d609fcb0f8f86a8603e8 av_one_fifth  avia-builder-el-3  el_before_av_four_fifth  avia-builder-el-first  first flex_column_div av-zero-column-padding  '     ><\/div>\n<style type=\"text\/css\" data-created_by=\"avia_inline_auto\" id=\"style-css-av-7dxe7-4f3fb7d77d2ee7e21ddb58f7cf4bc4fc\">\n.flex_column.av-7dxe7-4f3fb7d77d2ee7e21ddb58f7cf4bc4fc{\nborder-radius:0px 0px 0px 0px;\npadding:0px 0px 0px 0px;\n}\n<\/style>\n<div  class='flex_column av-7dxe7-4f3fb7d77d2ee7e21ddb58f7cf4bc4fc av_four_fifth  avia-builder-el-5  el_after_av_one_fifth  avia-builder-el-last  flex_column_div av-zero-column-padding  '     ><p><section  class='av_textblock_section av-jk9kieq0-7b4650744146fa4f48b72529605fc4b6 '   itemscope=\"itemscope\" itemtype=\"https:\/\/schema.org\/CreativeWork\" ><div class='avia_textblock'  itemprop=\"text\" ><p>\u0426\u0435\u043d\u0442\u0440 \u044f\u0437\u044b\u043a\u043e\u0432 Multilingua \u0431\u044b\u043b \u0443\u0447\u0440\u0435\u0436\u0434\u0451\u043d \u0432 1994 \u0433\u043e\u0434\u0443. \u0421\u0444\u0435\u0440\u043e\u0439 \u0434\u0435\u044f\u0442\u0435\u043b\u044c\u043d\u043e\u0441\u0442\u0438 \u043f\u0440\u0435\u0434\u043f\u0440\u0438\u044f\u0442\u0438\u044f \u0438\u0437\u043d\u0430\u0447\u0430\u043b\u044c\u043d\u043e \u0438 \u0434\u043e \u0441\u0438\u0445 \u043f\u043e\u0440 \u044f\u0432\u043b\u044f\u0435\u0442\u0441\u044f \u044f\u0437\u044b\u043a\u043e\u0432\u043e\u0435 \u043e\u0431\u0443\u0447\u0435\u043d\u0438\u0435 \u0432\u0437\u0440\u043e\u0441\u043b\u044b\u0445. \u0412 1990-\u044b\u0435 \u0433\u043e\u0434\u044b \u0434\u043b\u044f \u043b\u044e\u0434\u0435\u0439 \u043e\u0442\u043a\u0440\u044b\u043b\u0430\u0441\u044c \u0432\u043e\u0437\u043c\u043e\u0436\u043d\u043e\u0441\u0442\u044c \u043f\u0443\u0442\u0435\u0448\u0435\u0441\u0442\u0432\u043e\u0432\u0430\u0442\u044c, \u0438 \u044d\u0442\u043e \u043f\u043e\u0432\u043b\u0435\u043a\u043b\u043e \u0437\u0430 \u0441\u043e\u0431\u043e\u0439 \u0437\u0430\u043c\u0435\u0442\u043d\u043e\u0435 \u0443\u0432\u0435\u043b\u0438\u0447\u0435\u043d\u0438\u0435 \u043f\u043e\u0442\u0440\u0435\u0431\u043d\u043e\u0441\u0442\u0438 \u0438 \u0436\u0435\u043b\u0430\u043d\u0438\u044f \u043e\u0431\u0449\u0430\u0442\u044c\u0441\u044f \u043d\u0430 \u0438\u043d\u043e\u0441\u0442\u0440\u0430\u043d\u043d\u044b\u0445 \u044f\u0437\u044b\u043a\u0430\u0445. \u0422\u0430\u043a\u0436\u0435 \u0438 \u043f\u0440\u043e\u0438\u0441\u0445\u043e\u0434\u044f\u0449\u0438\u0435 \u0432 \u043e\u0431\u0449\u0435\u0441\u0442\u0432\u0435 \u0438\u0437\u043c\u0435\u043d\u0435\u043d\u0438\u044f \u0442\u0440\u0435\u0431\u043e\u0432\u0430\u043b\u0438 \u043e\u0442 \u043b\u044e\u0434\u0435\u0439 \u0432\u043b\u0430\u0434\u0435\u043d\u0438\u044f \u0438\u043d\u043e\u0441\u0442\u0440\u0430\u043d\u043d\u044b\u043c\u0438 \u044f\u0437\u044b\u043a\u0430\u043c\u0438 \u043f\u0440\u0430\u043a\u0442\u0438\u0447\u0435\u0441\u043a\u0438 \u0432\u043e \u0432\u0441\u0435\u0445 \u0436\u0438\u0437\u043d\u0435\u043d\u043d\u044b\u0445 \u0441\u0444\u0435\u0440\u0430\u0445. \u042f\u0437\u044b\u043a\u043e\u0432\u044b\u0435 \u043a\u0443\u0440\u0441\u044b Multilingua \u0441\u0442\u0440\u0435\u043c\u0438\u0442\u0435\u043b\u044c\u043d\u043e \u043d\u0430\u0431\u0438\u0440\u0430\u043b\u0438 \u043f\u043e\u043f\u0443\u043b\u044f\u0440\u043d\u043e\u0441\u0442\u044c, \u0432\u0435\u0434\u044c \u0432 \u0442\u043e \u0432\u0440\u0435\u043c\u044f \u043c\u044b \u043e\u0431\u0443\u0447\u0430\u043b\u0438 \u0440\u0430\u0437\u043d\u044b\u043c \u044f\u0437\u044b\u043a\u0430\u043c \u043f\u043e \u043d\u043e\u0432\u0430\u0442\u043e\u0440\u0441\u043a\u043e\u043c\u0443 \u043a\u043e\u043c\u043c\u0443\u043d\u0438\u043a\u0430\u0442\u0438\u0432\u043d\u043e\u043c\u0443 \u043c\u0435\u0442\u043e\u0434\u0443, \u043a\u043e\u0442\u043e\u0440\u044b\u0439 \u0442\u043e\u043b\u044c\u043a\u043e \u043d\u0430\u0447\u0430\u043b \u0438\u0441\u043f\u043e\u043b\u044c\u0437\u043e\u0432\u0430\u0442\u044c\u0441\u044f \u0432 \u042d\u0441\u0442\u043e\u043d\u0438\u0438. \u041d\u043e\u0432\u044b\u0439 \u043c\u0435\u0442\u043e\u0434 \u0441\u0442\u0430\u0432\u0438\u043b \u0432\u043e \u0433\u043b\u0430\u0432\u0443 \u0443\u0433\u043b\u0430 \u043e\u0441\u0432\u043e\u0435\u043d\u0438\u0435 \u043d\u0430\u0432\u044b\u043a\u043e\u0432 \u0441\u043f\u043e\u043d\u0442\u0430\u043d\u043d\u043e\u0433\u043e \u043e\u0431\u0449\u0435\u043d\u0438\u044f, \u0438 \u043c\u044b \u043f\u043e\u0441\u0442\u043e\u044f\u043d\u043d\u043e \u043f\u043e\u0434\u0434\u0435\u0440\u0436\u0438\u0432\u0430\u043b\u0438 \u0438 \u0441\u043e\u0432\u0435\u0440\u0448\u0435\u043d\u0441\u0442\u0432\u043e\u0432\u0430\u043b\u0438 \u044d\u0442\u0443 \u043b\u0438\u043d\u0438\u044e \u043d\u0430 \u043f\u0440\u043e\u0442\u044f\u0436\u0435\u043d\u0438\u0438 \u0432\u0441\u0435\u0445 \u043b\u0435\u0442. \u041c\u044b \u0432\u0435\u0440\u0438\u043c \u0432 \u0442\u043e, \u0447\u0442\u043e \u043d\u0430 \u0437\u0430\u043d\u044f\u0442\u0438\u044f\u0445 \u0441\u043b\u0435\u0434\u0443\u0435\u0442 \u0441\u043e\u0441\u0440\u0435\u0434\u043e\u0442\u043e\u0447\u0438\u0442\u044c\u0441\u044f \u0438\u043c\u0435\u043d\u043d\u043e \u043d\u0430 \u0440\u0430\u0437\u0433\u043e\u0432\u043e\u0440\u043d\u043e\u0439 \u0441\u043e\u0441\u0442\u0430\u0432\u043b\u044f\u044e\u0449\u0435\u0439 \u2013 \u0442\u0430\u043a \u043c\u043e\u0436\u043d\u043e \u043d\u0430\u0443\u0447\u0438\u0442\u044c\u0441\u044f \u0443\u0432\u0435\u0440\u0435\u043d\u043d\u043e \u043e\u0431\u0449\u0430\u0442\u044c\u0441\u044f \u043d\u0430 \u0438\u0437\u0443\u0447\u0430\u0435\u043c\u043e\u043c \u044f\u0437\u044b\u043a\u0435. \u041f\u0440\u0438 \u044d\u0442\u043e\u043c \u0432\u0430\u0436\u043d\u043e \u0442\u0430\u043a\u0436\u0435 \u0438\u0441\u043f\u043e\u043b\u044c\u0437\u043e\u0432\u0430\u0442\u044c \u0441\u043e\u0432\u0440\u0435\u043c\u0435\u043d\u043d\u044b\u0435 \u0443\u0447\u0435\u0431\u043d\u044b\u0435 \u043c\u0430\u0442\u0435\u0440\u0438\u0430\u043b\u044b \u0438 \u043c\u0435\u0442\u043e\u0434\u044b \u043e\u0431\u0443\u0447\u0435\u043d\u0438\u044f.<\/p>\n<p>\u0412 2006 \u0433\u043e\u0434\u0443 \u0415\u0432\u0440\u043e\u043f\u0435\u0439\u0441\u043a\u0430\u044f \u043a\u043e\u043c\u0438\u0441\u0441\u0438\u044f \u0438 \u041c\u0438\u043d\u0438\u0441\u0442\u0435\u0440\u0441\u0442\u0432\u043e \u043e\u0431\u0440\u0430\u0437\u043e\u0432\u0430\u043d\u0438\u044f \u0438 \u043d\u0430\u0443\u043a\u0438 \u043f\u0440\u0438\u0437\u043d\u0430\u043b\u0438 \u0437\u0430\u0441\u043b\u0443\u0433\u0438 Multilingua, \u043d\u0430\u0433\u0440\u0430\u0434\u0438\u0432 \u0426\u0435\u043d\u0442\u0440 \u044f\u0437\u044b\u043a\u043e\u0432 \u043f\u0440\u0435\u043c\u0438\u0435\u0439 \u0432 \u0441\u0444\u0435\u0440\u0435 \u043e\u0431\u0443\u0447\u0435\u043d\u0438\u044f \u0438\u043d\u043e\u0441\u0442\u0440\u0430\u043d\u043d\u044b\u043c \u044f\u0437\u044b\u043a\u0430\u043c \u0437\u0430 \u0432\u0432\u043e\u0434 \u043d\u0430 \u0440\u044b\u043d\u043e\u043a \u0444\u043e\u0440\u043c\u044b \u043e\u0431\u0443\u0447\u0435\u043d\u0438\u044f Multi-Skype.<\/p>\n<p>\u041c\u044b \u0440\u0430\u0431\u043e\u0442\u0430\u0435\u043c \u0432 \u0441\u0444\u0435\u0440\u0435 \u043e\u0431\u0440\u0430\u0437\u043e\u0432\u0430\u043d\u0438\u044f \u0432\u0437\u0440\u043e\u0441\u043b\u044b\u0445 \u0443\u0436\u0435 25 \u043b\u0435\u0442 \u0438 \u043d\u0430 \u0441\u0435\u0433\u043e\u0434\u043d\u044f\u0448\u043d\u0438\u0439 \u0434\u0435\u043d\u044c \u044f\u0432\u043b\u044f\u0435\u043c\u0441\u044f \u043a\u0440\u0443\u043f\u043d\u0435\u0439\u0448\u0435\u0439 \u0448\u043a\u043e\u043b\u043e\u0439 \u0432 \u042d\u0441\u0442\u043e\u043d\u0438\u0438, \u043f\u0440\u0435\u0434\u043b\u0430\u0433\u0430\u044e\u0449\u0435\u0439 \u044f\u0437\u044b\u043a\u043e\u0432\u043e\u0435 \u043e\u0431\u0443\u0447\u0435\u043d\u0438\u0435.<br \/>\n\u0412 \u0441\u0432\u043e\u0435\u0439 \u0434\u0435\u044f\u0442\u0435\u043b\u044c\u043d\u043e\u0441\u0442\u0438 \u043c\u044b \u0440\u0443\u043a\u043e\u0432\u043e\u0434\u0441\u0442\u0432\u0443\u0435\u043c\u0441\u044f \u043e\u0431\u0449\u0435\u0439 \u0446\u0435\u043b\u044c\u044e \u041f\u0440\u043e\u0433\u0440\u0430\u043c\u043c\u044b \u0440\u0430\u0437\u0432\u0438\u0442\u0438\u044f \u041c\u0438\u043d\u0438\u0441\u0442\u0435\u0440\u0441\u0442\u0432\u0430 \u043e\u0431\u0440\u0430\u0437\u043e\u0432\u0430\u043d\u0438\u044f \u0438 \u043d\u0430\u0443\u043a\u0438 \u0432 \u044f\u0437\u044b\u043a\u043e\u0432\u043e\u0439 \u0441\u0444\u0435\u0440\u0435 \u042d\u0441\u0442\u043e\u043d\u0438\u0438 \u043d\u0430 2018\u20132027 \u0433\u0433 \u00ab\u042f\u0437\u044b\u043a \u0441\u043e\u0437\u0434\u0430\u0451\u0442 \u0446\u0435\u043d\u043d\u043e\u0441\u0442\u044c\u00bb, \u043a\u043e\u0442\u043e\u0440\u0430\u044f \u0433\u043b\u0430\u0441\u0438\u0442: \u0436\u0438\u0442\u0435\u043b\u044c \u042d\u0441\u0442\u043e\u043d\u0438\u0438 \u0436\u0435\u043b\u0430\u0435\u0442, \u043c\u043e\u0436\u0435\u0442 \u0438 \u0443\u043c\u0435\u0435\u0442 \u043f\u043e\u043b\u044c\u0437\u043e\u0432\u0430\u0442\u044c\u0441\u044f \u044d\u0441\u0442\u043e\u043d\u0441\u043a\u0438\u043c \u044f\u0437\u044b\u043a\u043e\u043c \u0432\u043e \u0432\u0441\u0435\u0445 \u0436\u0438\u0437\u043d\u0435\u043d\u043d\u044b\u0445 \u0441\u0444\u0435\u0440\u0430\u0445 \u0438 \u0432\u043b\u0430\u0434\u0435\u0435\u0442 \u0438\u043d\u043e\u0441\u0442\u0440\u0430\u043d\u043d\u044b\u043c\u0438 \u044f\u0437\u044b\u043a\u0430\u043c\u0438. \u0422\u0430\u043a\u0436\u0435 \u0432 \u0441\u0432\u043e\u0435\u0439 \u0440\u0430\u0431\u043e\u0442\u0435 \u043c\u044b \u0440\u0443\u043a\u043e\u0432\u043e\u0434\u0441\u0442\u0432\u0443\u0435\u043c\u0441\u044f \u00ab\u0421\u0442\u0440\u0430\u0442\u0435\u0433\u0438\u0435\u0439 \u043d\u0435\u043f\u0440\u0435\u0440\u044b\u0432\u043d\u043e\u0433\u043e \u043e\u0431\u0443\u0447\u0435\u043d\u0438\u044f \u0432 \u042d\u0441\u0442\u043e\u043d\u0438\u0438 2020\u00bb.<\/p>\n<p>\u0426\u0435\u043d\u0442\u0440 \u044f\u0437\u044b\u043a\u043e\u0432 Multilingua \u044f\u0432\u043b\u044f\u0435\u0442\u0441\u044f \u0447\u043b\u0435\u043d\u043e\u043c \u042d\u0441\u0442\u043e\u043d\u0441\u043a\u043e\u0439 \u0430\u0441\u0441\u043e\u0446\u0438\u0430\u0446\u0438\u0438 \u0443\u0447\u0435\u0431\u043d\u044b\u0445 \u0437\u0430\u0432\u0435\u0434\u0435\u043d\u0438\u0439 \u0434\u043b\u044f \u0432\u0437\u0440\u043e\u0441\u043b\u044b\u0445 ANDRAS \u0438 \u0447\u043b\u0435\u043d\u043e\u043c \u042d\u0441\u0442\u043e\u043d\u0441\u043a\u043e\u0439 \u0442\u043e\u0440\u0433\u043e\u0432\u043e-\u043f\u0440\u043e\u043c\u044b\u0448\u043b\u0435\u043d\u043d\u043e\u0439 \u043f\u0430\u043b\u0430\u0442\u044b.<\/p>\n<p>\u0426\u0435\u043d\u0442\u0440 \u044f\u0437\u044b\u043a\u043e\u0432 Multilingua \u044f\u0432\u043b\u044f\u0435\u0442\u0441\u044f \u043f\u0430\u0440\u0442\u043d\u0451\u0440\u043e\u043c \u042d\u0441\u0442\u043e\u043d\u0441\u043a\u043e\u0439 \u041a\u0430\u0441\u0441\u044b \u043f\u043e \u0431\u0435\u0437\u0440\u0430\u0431\u043e\u0442\u0438\u0446\u0435 \u043f\u043e \u0443\u0447\u0435\u0431\u043d\u043e\u0439 \u043a\u0430\u0440\u0442\u0435.<\/p>\n<\/div><\/section><br \/>\n<div id='av-masonry-1' class='av-masonry av-jl4vsp8h-029d187207ba9bf57ce28f2fc451a575 noHover av-flex-size av-large-gap av-hover-overlay- av-masonry-animation-active av-masonry-col-flexible av-caption-always av-caption-style- av-masonry-gallery ' data-post_id=\"7905\"><div class=\"av-masonry-container isotope av-js-disabled\"><div class='av-masonry-entry isotope-item av-masonry-item-no-image '><\/div><div id='av-masonry-1-item-3997' data-av-masonry-item='3997' class='av-masonry-entry isotope-item post-3997 attachment type-attachment status-inherit hentry  av-masonry-item-with-image'    itemprop=\"thumbnailUrl\" ><div class='av-inner-masonry-sizer'><\/div><figure class='av-inner-masonry main_color'><div class=\"av-masonry-outerimage-container\"><div class='av-masonry-image-container'   ><img decoding=\"async\" width=\"220\" height=\"194\" class=\"wp-image-3997 avia-img-lazy-loading-not-3997\"  src=\"https:\/\/multilingua.ee\/wp-content\/uploads\/2018\/08\/Andrase-logo_sinine.jpg\" title=\"Andrase-logo_sinine\" alt=\"\" \/><\/div><\/div><\/figure><\/div><!--end av-masonry entry--><div id='av-masonry-1-item-3999' data-av-masonry-item='3999' class='av-masonry-entry isotope-item post-3999 attachment type-attachment status-inherit hentry  av-masonry-item-with-image'    itemprop=\"thumbnailUrl\" ><div class='av-inner-masonry-sizer'><\/div><figure class='av-inner-masonry main_color'><div class=\"av-masonry-outerimage-container\"><div class='av-masonry-image-container'   ><img decoding=\"async\" width=\"220\" height=\"194\" class=\"wp-image-3999 avia-img-lazy-loading-not-3999\"  src=\"https:\/\/multilingua.ee\/wp-content\/uploads\/2018\/08\/KODA-liige.jpg\" title=\"KODA-liige\" alt=\"\" \/><\/div><\/div><\/figure><\/div><!--end av-masonry entry--><\/div><\/div><\/p><\/div><\/p>\n","protected":false},"excerpt":{"rendered":"<p>\u0423\u0447\u0438\u0442\u0435\u043b\u044f \u0423\u0447\u0435\u0431\u043d\u044b\u0435 \u043f\u0440\u043e\u0433\u0440\u0430\u043c\u043c\u044b A2-taseme eksami\u00fclesannete lahendamise kursus B1-taseme eksami\u00fclesannete lahendamise kursus B2-taseme eksami\u00fclesannete lahendamise kursus C1-taseme eksami\u00fclesannete lahendamise kursus Inglise keel reisimiseks Itaalia keel reisimiseks Kreeka keel reisimiseks T\u00fcrgi keel [&hellip;]<\/p>\n","protected":false},"author":4,"featured_media":0,"parent":7933,"menu_order":0,"comment_status":"closed","ping_status":"closed","template":"","meta":{"_acf_changed":false,"_price":"","_stock":"","_tribe_ticket_header":"","_tribe_default_ticket_provider":"","_tribe_ticket_capacity":"0","_ticket_start_date":"","_ticket_end_date":"","_tribe_ticket_show_description":"","_tribe_ticket_show_not_going":false,"_tribe_ticket_use_global_stock":"","_tribe_ticket_global_stock_level":"","_global_stock_mode":"","_global_stock_cap":"","_tribe_rsvp_for_event":"","_tribe_ticket_going_count":"","_tribe_ticket_not_going_count":"","_tribe_tickets_list":"[]","_tribe_ticket_has_attendee_info_fields":false,"footnotes":"","_tec_slr_enabled":"","_tec_slr_layout":""},"class_list":["post-7905","page","type-page","status-publish","hentry"],"acf":[],"ticketed":false,"_links":{"self":[{"href":"https:\/\/multilingua.ee\/ru\/wp-json\/wp\/v2\/pages\/7905","targetHints":{"allow":["GET"]}}],"collection":[{"href":"https:\/\/multilingua.ee\/ru\/wp-json\/wp\/v2\/pages"}],"about":[{"href":"https:\/\/multilingua.ee\/ru\/wp-json\/wp\/v2\/types\/page"}],"author":[{"embeddable":true,"href":"https:\/\/multilingua.ee\/ru\/wp-json\/wp\/v2\/users\/4"}],"replies":[{"embeddable":true,"href":"https:\/\/multilingua.ee\/ru\/wp-json\/wp\/v2\/comments?post=7905"}],"version-history":[{"count":5,"href":"https:\/\/multilingua.ee\/ru\/wp-json\/wp\/v2\/pages\/7905\/revisions"}],"predecessor-version":[{"id":55922,"href":"https:\/\/multilingua.ee\/ru\/wp-json\/wp\/v2\/pages\/7905\/revisions\/55922"}],"up":[{"embeddable":true,"href":"https:\/\/multilingua.ee\/ru\/wp-json\/wp\/v2\/pages\/7933"}],"wp:attachment":[{"href":"https:\/\/multilingua.ee\/ru\/wp-json\/wp\/v2\/media?parent=7905"}],"curies":[{"name":"wp","href":"https:\/\/api.w.org\/{rel}","templated":true}]}}